{"id":922,"date":"2022-11-28T18:04:19","date_gmt":"2022-11-28T18:04:19","guid":{"rendered":"https:\/\/monicasalerno.com\/?page_id=705"},"modified":"2023-01-13T21:43:04","modified_gmt":"2023-01-13T21:43:04","slug":"voyeur","status":"publish","type":"page","link":"https:\/\/monicasalerno.com\/index.php\/voyeur\/","title":{"rendered":"VOYEUR"},"content":{"rendered":"\n\n\n\n\n\n\n\n\n\n\n<p style=\"color: rgb(255, 112, 62);\"><a href=\"https:\/\/monicasalerno.com\/index.php\/sample-page\/\" style=\"color: rgb(255, 112, 62);\">M\u00f3nica Salerno<\/a><\/p>\n\n\n\n\n\n\n\n<p><a href=\"https:\/\/monicasalerno.com\/index.php\/bio\/\">BIO<\/a><\/p>\n<p><a href=\"https:\/\/monicasalerno.com\/index.php\/talleres\/\">TALLERES<\/a><\/p>\n\n\n\n<p><a href=\"https:\/\/monicasalerno.com\/index.php\/prensa\/\">PRENSA<\/a><\/p>\n<p><a href=\"https:\/\/monicasalerno.com\/index.php\/proyectos\/\">PROYECTOS<\/a><\/p>\n\n\n\n\n\n\n\n\n\n<p style=\"color: rgb(255, 112, 62);\"><a href=\"https:\/\/monicasalerno.com\/index.php\/sample-page\/\" style=\"color: rgb(255, 112, 62);\">M\u00f3nica Salerno<\/a><\/p>\n\n\n\n\n\n\n\n<p><a href=\"https:\/\/monicasalerno.com\/index.php\/bio\/\">BIO<\/a><\/p>\n<p><a href=\"https:\/\/monicasalerno.com\/index.php\/talleres\/\">TALLERES<\/a><\/p>\n\n\n\n<p><a href=\"https:\/\/monicasalerno.com\/index.php\/prensa\/\">PRENSA<\/a><\/p>\n<p><a href=\"https:\/\/monicasalerno.com\/index.php\/proyectos\/\">PROYECTOS<\/a><\/p>\n\n\n\n\n\n\n\n\n\n\n\n\n\n\n\n\n\n<p><span style=\"color: #000000;\"><span style=\"font-size: 20px;\">VOYEUR DE CUENTOS INFANTILES<\/span><strong>&nbsp;<\/strong><span style=\"font-size: 18px;\"><span style=\"font-family: 'Playfair Display';\"><em>(instalaci\u00f3n visual y sonora)<\/em><\/span><\/span><\/span><\/p>\n<ul style=\"font-family: 'Roboto Condensed';\">\n<li style=\"color: #ff703e; list-style-type: none;\"><span style=\"background-color: transparent; color: #000000;\">Centro Cultural Rojas. 2005 \/ 2006.<\/span><\/li>\n<\/ul>\n<p><span style=\"background-color: transparent; color: #000000;\">SINOPSIS<br><\/span><span style=\"color: #000000; background-color: transparent;\">Espejos y cajas que forman un recorrido visual y sonoro  por algunos cuentos  originales de los Hermanos Grimm, narrados por voces infantiles sin piedad.\n<\/span><\/p>\n<ul>\n<li style=\"color: #ff703e;\"><span style=\"color: #000000;\">Esta instalaci\u00f3n fue parte del espect\u00e1culo teatral  Bestiario Grimm,   proyecto que reuni\u00f3 los trabajos realizados por diez dramaturgos y dramaturgas, (Paula Bartolom\u00e9, Ximena Espeche, Milagros Ferreyra, Ariana Harwicz, Pablo Iglesias, Beatriz Odoriz, Sol P\u00e9rez, M\u00f3nica Salerno, Lautaro Vilo y Susana Villalba ) coordinados por Alejandro Tantanian, a partir de los cuentos para ni\u00f1os que recopilaron los hermanos Grimm.<\/span><\/li>\n<\/ul>\n<ul>\n<li style=\"color: #ff703e;\"><span style=\"color: #000000;\">Premios Teatro del Mundo Trabajos destacados octubre 2005-septiembre 2006\n<\/span><\/li>\n<\/ul>\n<p><span style=\"background-color: transparent; color: rgb(0, 0, 0); font-variant-numeric: normal; font-variant-east-asian: normal; vertical-align: baseline; white-space: pre-wrap;\"><span style=\"color: rgb(255, 112, 62); background-color: transparent;\"><\/span><span style=\"color: rgb(255, 112, 62); background-color: transparent;\">FICHA T\u00c9CNICO ART\u00cdSTICA\n<\/span>TEXTOS Y DIRECCI\u00d3N: <\/span><a href=\"http:\/\/www.alternativateatral.com\/persona42882-monica-salerno\" style=\"\"><span style=\"color: rgb(0, 0, 0); background-color: transparent; font-variant-numeric: normal; font-variant-east-asian: normal; vertical-align: baseline; white-space: pre-wrap;\">M\u00f3nica Salerno<\/span><\/a><br><a href=\"http:\/\/www.alternativateatral.com\/rubro.asp?c=21\" style=\"\"><span style=\"color: rgb(0, 0, 0); background-color: transparent; font-variant-numeric: normal; font-variant-east-asian: normal; vertical-align: baseline; white-space: pre-wrap;\">VOZ EN OFF<\/span><\/a><span style=\"background-color: transparent; color: rgb(0, 0, 0); font-variant-numeric: normal; font-variant-east-asian: normal; vertical-align: baseline; white-space: pre-wrap;\">: <\/span><a href=\"http:\/\/www.alternativateatral.com\/persona42892-joaquin-barreiro\" style=\"\"><span style=\"color: rgb(0, 0, 0); background-color: transparent; font-variant-numeric: normal; font-variant-east-asian: normal; vertical-align: baseline; white-space: pre-wrap;\">Joaquin Barreiro<\/span><\/a><span style=\"background-color: transparent; color: rgb(0, 0, 0); font-variant-numeric: normal; font-variant-east-asian: normal; vertical-align: baseline; white-space: pre-wrap;\">, <\/span><a href=\"http:\/\/www.alternativateatral.com\/persona42889-lucia-cidale\" style=\"\"><span style=\"color: rgb(0, 0, 0); background-color: transparent; font-variant-numeric: normal; font-variant-east-asian: normal; vertical-align: baseline; white-space: pre-wrap;\">Lucia Cidale<\/span><\/a><span style=\"background-color: transparent; color: rgb(0, 0, 0); font-variant-numeric: normal; font-variant-east-asian: normal; vertical-align: baseline; white-space: pre-wrap;\">, <\/span><a href=\"http:\/\/www.alternativateatral.com\/persona42891-guadalupe-gasies\" style=\"\"><span style=\"color: rgb(0, 0, 0); background-color: transparent; font-variant-numeric: normal; font-variant-east-asian: normal; vertical-align: baseline; white-space: pre-wrap;\">Guadalupe Gasies<\/span><\/a><span style=\"background-color: transparent; color: rgb(0, 0, 0); font-variant-numeric: normal; font-variant-east-asian: normal; vertical-align: baseline; white-space: pre-wrap;\">, <\/span><a href=\"http:\/\/www.alternativateatral.com\/persona42890-emiliano-salvado\" style=\"\"><span style=\"color: rgb(0, 0, 0); background-color: transparent; font-variant-numeric: normal; font-variant-east-asian: normal; vertical-align: baseline; white-space: pre-wrap;\">Emiliano Salvado<\/span><\/a><span style=\"background-color: transparent; color: rgb(0, 0, 0); font-variant-numeric: normal; font-variant-east-asian: normal; vertical-align: baseline; white-space: pre-wrap;\">, <\/span><a href=\"http:\/\/www.alternativateatral.com\/persona42893-joaquin-zuanich\" style=\"\"><span style=\"color: rgb(0, 0, 0); background-color: transparent; font-variant-numeric: normal; font-variant-east-asian: normal; vertical-align: baseline; white-space: pre-wrap;\">Joaquin Zuanich<\/span><\/a><br><a href=\"http:\/\/www.alternativateatral.com\/rubro.asp?c=3\" style=\"\"><span style=\"color: rgb(0, 0, 0); background-color: transparent; font-variant-numeric: normal; font-variant-east-asian: normal; vertical-align: baseline; white-space: pre-wrap;\">ESCENOGRAF\u00cdA<\/span><\/a><span style=\"background-color: transparent; color: rgb(0, 0, 0); font-variant-numeric: normal; font-variant-east-asian: normal; vertical-align: baseline; white-space: pre-wrap;\">: <\/span><a href=\"http:\/\/www.alternativateatral.com\/persona42884-federico-barreiro\" style=\"\"><span style=\"color: rgb(0, 0, 0); background-color: transparent; font-variant-numeric: normal; font-variant-east-asian: normal; vertical-align: baseline; white-space: pre-wrap;\">Federico Barreiro<\/span><\/a><br><a href=\"http:\/\/www.alternativateatral.com\/rubro.asp?c=30\" style=\"\"><span style=\"color: rgb(0, 0, 0); background-color: transparent; font-variant-numeric: normal; font-variant-east-asian: normal; vertical-align: baseline; white-space: pre-wrap;\">SONIDO<\/span><\/a><span style=\"background-color: transparent; color: rgb(0, 0, 0); font-variant-numeric: normal; font-variant-east-asian: normal; vertical-align: baseline; white-space: pre-wrap;\">: <\/span><a href=\"http:\/\/www.alternativateatral.com\/persona42886-agustin-alzueta\" style=\"\"><span style=\"color: rgb(0, 0, 0); background-color: transparent; font-variant-numeric: normal; font-variant-east-asian: normal; vertical-align: baseline; white-space: pre-wrap;\">Agust\u00edn Alzueta<\/span><\/a><span style=\"background-color: transparent; color: rgb(0, 0, 0); font-variant-numeric: normal; font-variant-east-asian: normal; vertical-align: baseline; white-space: pre-wrap;\">, <\/span><a href=\"http:\/\/www.alternativateatral.com\/persona42887-celeste-palma\" style=\"\"><span style=\"color: rgb(0, 0, 0); background-color: transparent; font-variant-numeric: normal; font-variant-east-asian: normal; vertical-align: baseline; white-space: pre-wrap;\">Celeste Palma<\/span><\/a><span style=\"background-color: transparent; color: rgb(0, 0, 0); font-variant-numeric: normal; font-variant-east-asian: normal; vertical-align: baseline; white-space: pre-wrap;\">, <\/span><a href=\"http:\/\/www.alternativateatral.com\/persona42885-mercedes-rondina\" style=\"\"><span style=\"color: rgb(0, 0, 0); background-color: transparent; font-variant-numeric: normal; font-variant-east-asian: normal; vertical-align: baseline; white-space: pre-wrap;\">Mercedes Rondina<\/span><\/a><br><a href=\"http:\/\/www.alternativateatral.com\/rubro.asp?c=6\" style=\"\"><span style=\"color: rgb(0, 0, 0); background-color: transparent; font-variant-numeric: normal; font-variant-east-asian: normal; vertical-align: baseline; white-space: pre-wrap;\">FOTOGRAF\u00cdA<\/span><\/a><span style=\"background-color: transparent; color: rgb(0, 0, 0); font-variant-numeric: normal; font-variant-east-asian: normal; vertical-align: baseline; white-space: pre-wrap;\">: <\/span><a href=\"http:\/\/www.alternativateatral.com\/persona42888-lorena-salerno\" style=\"\"><span style=\"color: rgb(0, 0, 0); background-color: transparent; font-variant-numeric: normal; font-variant-east-asian: normal; vertical-align: baseline; white-space: pre-wrap;\">Lorena Salerno<\/span><\/a><br><a href=\"http:\/\/www.alternativateatral.com\/rubro.asp?c=55\" style=\"\"><span style=\"color: rgb(0, 0, 0); background-color: transparent; font-variant-numeric: normal; font-variant-east-asian: normal; vertical-align: baseline; white-space: pre-wrap;\">DISE\u00d1O GR\u00c1FICO<\/span><\/a><span style=\"background-color: transparent; color: rgb(0, 0, 0); font-variant-numeric: normal; font-variant-east-asian: normal; vertical-align: baseline; white-space: pre-wrap;\">\/ ILUSTRACIONES: <\/span><a href=\"http:\/\/www.alternativateatral.com\/persona42883-marina-munoz\" style=\"\"><span style=\"color: rgb(0, 0, 0); background-color: transparent; font-variant-numeric: normal; font-variant-east-asian: normal; vertical-align: baseline; white-space: pre-wrap;\">Marina Mu\u00f1oz<\/span><\/a><\/p><p dir=\"ltr\" style=\"margin-top: 0pt; margin-bottom: 0pt; line-height: 1.2;\"><a href=\"http:\/\/www.alternativateatral.com\/persona42883-marina-munoz\"><span style=\"font-size: 11pt; color: rgb(0, 0, 0); background-color: transparent; font-variant-numeric: normal; font-variant-east-asian: normal; vertical-align: baseline; white-space: pre-wrap;\"><\/span><\/a><\/p>\n\n\n\n\n\n\n<p><span style=\"color: #000000;\"><span style=\"font-size: 20px;\">VOYEUR DE CUENTOS INFANTILES<\/span><strong>&nbsp;<\/strong><span style=\"font-size: 18px;\"><span style=\"font-family: 'Playfair Display';\"><em>(instalaci\u00f3n visual y sonora)<\/em><\/span><\/span><\/span><\/p>\n<ul style=\"font-family: 'Roboto Condensed';\">\n<li style=\"color: #ff703e; list-style-type: none;\"><span style=\"background-color: transparent; color: #000000;\">Centro Cultural Rojas. 2005 \/ 2006.<\/span><\/li>\n<\/ul>\n\n<p><span style=\"background-color: transparent; color: #000000;\">SINOPSIS<br><\/span><span style=\"color: #000000; background-color: transparent;\">Espejos y cajas que forman un recorrido visual y sonoro  por algunos cuentos  originales de los Hermanos Grimm, narrados por voces infantiles sin piedad.\n<\/span><\/p>\n<ul>\n<li style=\"color: #ff703e;\"><span style=\"color: #000000;\">Esta instalaci\u00f3n fue parte del espect\u00e1culo teatral  Bestiario Grimm,   proyecto que reuni\u00f3 los trabajos realizados por diez dramaturgos y dramaturgas, (Paula Bartolom\u00e9, Ximena Espeche, Milagros Ferreyra, Ariana Harwicz, Pablo Iglesias, Beatriz Odoriz, Sol P\u00e9rez, M\u00f3nica Salerno, Lautaro Vilo y Susana Villalba ) coordinados por Alejandro Tantanian, a partir de los cuentos para ni\u00f1os que recopilaron los hermanos Grimm.<\/span><\/li>\n<\/ul>\n<ul>\n<li style=\"color: #ff703e;\"><span style=\"color: #000000;\">Premios Teatro del Mundo Trabajos destacados octubre 2005-septiembre 2006\n<\/span><\/li>\n<\/ul>\n<p><span style=\"background-color: transparent; color: rgb(0, 0, 0); font-variant-numeric: normal; font-variant-east-asian: normal; vertical-align: baseline; white-space: pre-wrap;\"><span style=\"color: rgb(255, 112, 62); background-color: transparent;\"><\/span><span style=\"color: rgb(255, 112, 62); background-color: transparent;\">FICHA T\u00c9CNICO ART\u00cdSTICA\n<\/span>TEXTOS Y DIRECCI\u00d3N: <\/span><a href=\"http:\/\/www.alternativateatral.com\/persona42882-monica-salerno\" style=\"\"><span style=\"color: rgb(0, 0, 0); background-color: transparent; font-variant-numeric: normal; font-variant-east-asian: normal; vertical-align: baseline; white-space: pre-wrap;\">M\u00f3nica Salerno<\/span><\/a><br><a href=\"http:\/\/www.alternativateatral.com\/rubro.asp?c=21\" style=\"\"><span style=\"color: rgb(0, 0, 0); background-color: transparent; font-variant-numeric: normal; font-variant-east-asian: normal; vertical-align: baseline; white-space: pre-wrap;\">VOZ EN OFF<\/span><\/a><span style=\"background-color: transparent; color: rgb(0, 0, 0); font-variant-numeric: normal; font-variant-east-asian: normal; vertical-align: baseline; white-space: pre-wrap;\">: <\/span><a href=\"http:\/\/www.alternativateatral.com\/persona42892-joaquin-barreiro\" style=\"\"><span style=\"color: rgb(0, 0, 0); background-color: transparent; font-variant-numeric: normal; font-variant-east-asian: normal; vertical-align: baseline; white-space: pre-wrap;\">Joaquin Barreiro<\/span><\/a><span style=\"background-color: transparent; color: rgb(0, 0, 0); font-variant-numeric: normal; font-variant-east-asian: normal; vertical-align: baseline; white-space: pre-wrap;\">, <\/span><a href=\"http:\/\/www.alternativateatral.com\/persona42889-lucia-cidale\" style=\"\"><span style=\"color: rgb(0, 0, 0); background-color: transparent; font-variant-numeric: normal; font-variant-east-asian: normal; vertical-align: baseline; white-space: pre-wrap;\">Lucia Cidale<\/span><\/a><span style=\"background-color: transparent; color: rgb(0, 0, 0); font-variant-numeric: normal; font-variant-east-asian: normal; vertical-align: baseline; white-space: pre-wrap;\">, <\/span><a href=\"http:\/\/www.alternativateatral.com\/persona42891-guadalupe-gasies\" style=\"\"><span style=\"color: rgb(0, 0, 0); background-color: transparent; font-variant-numeric: normal; font-variant-east-asian: normal; vertical-align: baseline; white-space: pre-wrap;\">Guadalupe Gasies<\/span><\/a><span style=\"background-color: transparent; color: rgb(0, 0, 0); font-variant-numeric: normal; font-variant-east-asian: normal; vertical-align: baseline; white-space: pre-wrap;\">, <\/span><a href=\"http:\/\/www.alternativateatral.com\/persona42890-emiliano-salvado\" style=\"\"><span style=\"color: rgb(0, 0, 0); background-color: transparent; font-variant-numeric: normal; font-variant-east-asian: normal; vertical-align: baseline; white-space: pre-wrap;\">Emiliano Salvado<\/span><\/a><span style=\"background-color: transparent; color: rgb(0, 0, 0); font-variant-numeric: normal; font-variant-east-asian: normal; vertical-align: baseline; white-space: pre-wrap;\">, <\/span><a href=\"http:\/\/www.alternativateatral.com\/persona42893-joaquin-zuanich\" style=\"\"><span style=\"color: rgb(0, 0, 0); background-color: transparent; font-variant-numeric: normal; font-variant-east-asian: normal; vertical-align: baseline; white-space: pre-wrap;\">Joaquin Zuanich<\/span><\/a><br><a href=\"http:\/\/www.alternativateatral.com\/rubro.asp?c=3\" style=\"\"><span style=\"color: rgb(0, 0, 0); background-color: transparent; font-variant-numeric: normal; font-variant-east-asian: normal; vertical-align: baseline; white-space: pre-wrap;\">ESCENOGRAF\u00cdA<\/span><\/a><span style=\"background-color: transparent; color: rgb(0, 0, 0); font-variant-numeric: normal; font-variant-east-asian: normal; vertical-align: baseline; white-space: pre-wrap;\">: <\/span><a href=\"http:\/\/www.alternativateatral.com\/persona42884-federico-barreiro\" style=\"\"><span style=\"color: rgb(0, 0, 0); background-color: transparent; font-variant-numeric: normal; font-variant-east-asian: normal; vertical-align: baseline; white-space: pre-wrap;\">Federico Barreiro<\/span><\/a><br><a href=\"http:\/\/www.alternativateatral.com\/rubro.asp?c=30\" style=\"\"><span style=\"color: rgb(0, 0, 0); background-color: transparent; font-variant-numeric: normal; font-variant-east-asian: normal; vertical-align: baseline; white-space: pre-wrap;\">SONIDO<\/span><\/a><span style=\"background-color: transparent; color: rgb(0, 0, 0); font-variant-numeric: normal; font-variant-east-asian: normal; vertical-align: baseline; white-space: pre-wrap;\">: <\/span><a href=\"http:\/\/www.alternativateatral.com\/persona42886-agustin-alzueta\" style=\"\"><span style=\"color: rgb(0, 0, 0); background-color: transparent; font-variant-numeric: normal; font-variant-east-asian: normal; vertical-align: baseline; white-space: pre-wrap;\">Agust\u00edn Alzueta<\/span><\/a><span style=\"background-color: transparent; color: rgb(0, 0, 0); font-variant-numeric: normal; font-variant-east-asian: normal; vertical-align: baseline; white-space: pre-wrap;\">, <\/span><a href=\"http:\/\/www.alternativateatral.com\/persona42887-celeste-palma\" style=\"\"><span style=\"color: rgb(0, 0, 0); background-color: transparent; font-variant-numeric: normal; font-variant-east-asian: normal; vertical-align: baseline; white-space: pre-wrap;\">Celeste Palma<\/span><\/a><span style=\"background-color: transparent; color: rgb(0, 0, 0); font-variant-numeric: normal; font-variant-east-asian: normal; vertical-align: baseline; white-space: pre-wrap;\">, <\/span><a href=\"http:\/\/www.alternativateatral.com\/persona42885-mercedes-rondina\" style=\"\"><span style=\"color: rgb(0, 0, 0); background-color: transparent; font-variant-numeric: normal; font-variant-east-asian: normal; vertical-align: baseline; white-space: pre-wrap;\">Mercedes Rondina<\/span><\/a><br><a href=\"http:\/\/www.alternativateatral.com\/rubro.asp?c=6\" style=\"\"><span style=\"color: rgb(0, 0, 0); background-color: transparent; font-variant-numeric: normal; font-variant-east-asian: normal; vertical-align: baseline; white-space: pre-wrap;\">FOTOGRAF\u00cdA<\/span><\/a><span style=\"background-color: transparent; color: rgb(0, 0, 0); font-variant-numeric: normal; font-variant-east-asian: normal; vertical-align: baseline; white-space: pre-wrap;\">: <\/span><a href=\"http:\/\/www.alternativateatral.com\/persona42888-lorena-salerno\" style=\"\"><span style=\"color: rgb(0, 0, 0); background-color: transparent; font-variant-numeric: normal; font-variant-east-asian: normal; vertical-align: baseline; white-space: pre-wrap;\">Lorena Salerno<\/span><\/a><br><a href=\"http:\/\/www.alternativateatral.com\/rubro.asp?c=55\" style=\"\"><span style=\"color: rgb(0, 0, 0); background-color: transparent; font-variant-numeric: normal; font-variant-east-asian: normal; vertical-align: baseline; white-space: pre-wrap;\">DISE\u00d1O GR\u00c1FICO<\/span><\/a><span style=\"background-color: transparent; color: rgb(0, 0, 0); font-variant-numeric: normal; font-variant-east-asian: normal; vertical-align: baseline; white-space: pre-wrap;\">\/ ILUSTRACIONES: <\/span><a href=\"http:\/\/www.alternativateatral.com\/persona42883-marina-munoz\" style=\"\"><span style=\"color: rgb(0, 0, 0); background-color: transparent; font-variant-numeric: normal; font-variant-east-asian: normal; vertical-align: baseline; white-space: pre-wrap;\">Marina Mu\u00f1oz<\/span><\/a><\/p><p dir=\"ltr\" style=\"margin-top: 0pt; margin-bottom: 0pt; line-height: 1.2;\"><a href=\"http:\/\/www.alternativateatral.com\/persona42883-marina-munoz\"><span style=\"font-size: 11pt; color: rgb(0, 0, 0); background-color: transparent; font-variant-numeric: normal; font-variant-east-asian: normal; vertical-align: baseline; white-space: pre-wrap;\"><\/span><\/a><\/p>\n\n\n\n\n\n\n\n\n\n\n","protected":false},"excerpt":{"rendered":"","protected":false},"author":1,"featured_media":0,"parent":0,"menu_order":0,"comment_status":"closed","ping_status":"closed","template":"","meta":{"om_disable_all_campaigns":false,"pagelayer_contact_templates":[],"_pagelayer_content":"","_monsterinsights_skip_tracking":false,"_monsterinsights_sitenote_active":false,"_monsterinsights_sitenote_note":"","_monsterinsights_sitenote_category":0,"footnotes":""},"class_list":["post-922","page","type-page","status-publish","hentry"],"aioseo_notices":[],"_links":{"self":[{"href":"https:\/\/monicasalerno.com\/index.php\/wp-json\/wp\/v2\/pages\/922","targetHints":{"allow":["GET"]}}],"collection":[{"href":"https:\/\/monicasalerno.com\/index.php\/wp-json\/wp\/v2\/pages"}],"about":[{"href":"https:\/\/monicasalerno.com\/index.php\/wp-json\/wp\/v2\/types\/page"}],"author":[{"embeddable":true,"href":"https:\/\/monicasalerno.com\/index.php\/wp-json\/wp\/v2\/users\/1"}],"replies":[{"embeddable":true,"href":"https:\/\/monicasalerno.com\/index.php\/wp-json\/wp\/v2\/comments?post=922"}],"version-history":[{"count":22,"href":"https:\/\/monicasalerno.com\/index.php\/wp-json\/wp\/v2\/pages\/922\/revisions"}],"predecessor-version":[{"id":1348,"href":"https:\/\/monicasalerno.com\/index.php\/wp-json\/wp\/v2\/pages\/922\/revisions\/1348"}],"wp:attachment":[{"href":"https:\/\/monicasalerno.com\/index.php\/wp-json\/wp\/v2\/media?parent=922"}],"curies":[{"name":"wp","href":"https:\/\/api.w.org\/{rel}","templated":true}]}}