{"id":908,"date":"2022-11-28T16:52:42","date_gmt":"2022-11-28T16:52:42","guid":{"rendered":"https:\/\/monicasalerno.com\/?page_id=705"},"modified":"2023-04-14T13:50:25","modified_gmt":"2023-04-14T13:50:25","slug":"no-bailamos-tango","status":"publish","type":"page","link":"https:\/\/monicasalerno.com\/index.php\/no-bailamos-tango\/","title":{"rendered":"No bailamos tango"},"content":{"rendered":"\n\n\n\n\n\n\n\n\n\n\n<p style=\"color: rgb(255, 112, 62);\"><a href=\"https:\/\/monicasalerno.com\/index.php\/sample-page\/\" style=\"color: rgb(255, 112, 62);\">M\u00f3nica Salerno<\/a><\/p>\n\n\n\n\n\n\n\n<p><a href=\"https:\/\/monicasalerno.com\/index.php\/bio\/\">BIO<\/a><\/p>\n<p><a href=\"https:\/\/monicasalerno.com\/index.php\/talleres\/\">TALLERES<\/a><\/p>\n\n\n\n<p><a href=\"https:\/\/monicasalerno.com\/index.php\/prensa\/\">PRENSA<\/a><\/p>\n<p><a href=\"https:\/\/monicasalerno.com\/index.php\/proyectos\/\">PROYECTOS<\/a><\/p>\n\n\n\n\n\n\n\n\n\n<p style=\"color: rgb(255, 112, 62);\"><a href=\"https:\/\/monicasalerno.com\/index.php\/sample-page\/\" style=\"color: rgb(255, 112, 62);\">M\u00f3nica Salerno<\/a><\/p>\n\n\n\n\n\n\n\n<p><a href=\"https:\/\/monicasalerno.com\/index.php\/bio\/\">BIO<\/a><\/p>\n<p><a href=\"https:\/\/monicasalerno.com\/index.php\/talleres\/\">TALLERES<\/a><\/p>\n\n\n\n<p><a href=\"https:\/\/monicasalerno.com\/index.php\/prensa\/\">PRENSA<\/a><\/p>\n<p><a href=\"https:\/\/monicasalerno.com\/index.php\/proyectos\/\">PROYECTOS<\/a><\/p>\n\n\n\n\n\n\n\n\n\n\n\n\n\n\n\n<p><span style=\"color: #000000;\"><span>NO BAILAMOS TANGO<\/span><strong>&nbsp;<\/strong><span ><span style=\"font-family: 'Playfair Display';\"><em>(teatro \/ comedia \/ autora)<\/em><\/span><\/span><\/span><\/p>\n<p><span style=\"background-color: transparent; color: #000000;\">SINOPSIS<br><\/span><span style=\"color: #000000; background-color: transparent;\">\u00bfQu\u00e9 es ser argentino? \u00bfBailar tango, comer asado, tomar mate? \u00bfQu\u00e9 es tener \u00e9xito? \u00bfUno es o aparenta ser? \u00bfHasta d\u00f3nde una mentira alivia una existencia? \u00bfPor qu\u00e9 es mejor decir la verdad? Marga y Esteban son una joven pareja que trata de reconstruir su vida luego de una crisis econ\u00f3mica. Marga miente compulsivamente y luego olvida sus mentiras. Si hasta aqu\u00ed su vida era angustiante, todo se potencia con la llegada de su exitosa amiga Agustina, quien decide instalarse en el pa\u00eds y rescatar sus ra\u00edces argentinas y aut\u00f3ctonas. Agustina, no solo es la ex de Esteban, si no que pretende aprender a bailar tango con \u00e9l. Las mentiras se potencian, y la ficci\u00f3n de Marga se hace insostenible, no s\u00f3lo para ella sino para Esteban, a quien arrastra a su mundo de ficci\u00f3n.\n<\/span><\/p>\n<ul>\n<li style=\"color: #ff703e;\"><span style=\"color: #000000;\">Obra realizada en Espa\u00f1a y en el interior de nuestro pa\u00eds  por diferentes  elencos.\n<\/span><\/li>\n<\/ul>\n<p><span style=\"color: rgb(255, 112, 62);\">FICHA T\u00c9CNICO ART\u00cdSTICA &#8211; Funciones Neuqu\u00e9n,  Argentina, (2006)\n<\/span><\/p>\n<p><span style=\"color: #000000;\">ACT\u00daAN:\nMarisol Lerin, Juan Fernando Rubio, Mariana Soba<br>ASISTENCIA GENERAL:\nEmilia Othar\u00e1n<br>PRENSA:\nDaniel Franco, Paula Simkin<br>DIRECCI\u00d3N:\nJos\u00e9 Trujillo\n<\/span><\/p>\n<p><strong><span style=\"color: #ff703e;\"><\/span><\/strong><\/p><span style=\"font-size:16px;\"><p><span style=\"color: rgb(255, 112, 62);\">FICHA T\u00c9CNICO ART\u00cdSTICA &#8211; Funciones Mendoza, Argentina, (2015)\n\n<\/span><\/p>\n<p dir=\"ltr\" style=\"line-height:1.38;margin-top:0pt;margin-bottom:0pt;\"><a href=\"http:\/\/www.alternativateatral.com\/rubro.asp?c=2\" style=\"text-decoration:none;\"><span style=\"font-family: Arial; color: rgb(0, 0, 0); background-color: transparent; font-style: normal; font-variant: normal; text-decoration: none; vertical-align: baseline; white-space: pre-wrap;\"><\/span><\/a><\/p><span style=\"font-family: &quot;Roboto Condensed&quot;;\"><p dir=\"ltr\" style=\"line-height:1.38;margin-top:0pt;margin-bottom:0pt;\"><a href=\"http:\/\/www.alternativateatral.com\/rubro.asp?c=2\" style=\"text-decoration:none;\"><span style=\"color: rgb(0, 0, 0); background-color: transparent; font-style: normal; font-variant: normal; text-decoration: none; vertical-align: baseline; white-space: pre-wrap;\">ACT\u00daAN<\/span><\/a><span style=\"color: rgb(0, 0, 0); background-color: transparent; font-style: normal; font-variant: normal; text-decoration: none; vertical-align: baseline; white-space: pre-wrap;\">: <\/span><a href=\"http:\/\/www.alternativateatral.com\/persona68717-marcelo-lacerna\"><span style=\"color: rgb(0, 0, 0); background-color: transparent; font-variant-numeric: normal; font-variant-east-asian: normal; vertical-align: baseline; white-space: pre-wrap;\">M<span style=\"\"><span style=\"\"><\/span><\/span>arcelo Lacerna<\/span><\/a><span style=\"background-color: transparent; color: rgb(0, 0, 0); font-variant-numeric: normal; font-variant-east-asian: normal; vertical-align: baseline; white-space: pre-wrap;\">, <\/span><a href=\"http:\/\/www.alternativateatral.com\/persona45060-elena-schnell\"><span style=\"color: rgb(0, 0, 0); background-color: transparent; font-variant-numeric: normal; font-variant-east-asian: normal; vertical-align: baseline; white-space: pre-wrap;\">Elena Schnell<\/span><\/a><span style=\"background-color: transparent; color: rgb(0, 0, 0); font-variant-numeric: normal; font-variant-east-asian: normal; vertical-align: baseline; white-space: pre-wrap;\">, <\/span><a href=\"http:\/\/www.alternativateatral.com\/persona253965-sara-torres\"><span style=\"color: rgb(0, 0, 0); background-color: transparent; font-variant-numeric: normal; font-variant-east-asian: normal; vertical-align: baseline; white-space: pre-wrap;\">Sara Torres<\/span><\/a><\/p><p dir=\"ltr\" style=\"line-height:1.38;margin-top:0pt;margin-bottom:0pt;\"><a href=\"http:\/\/www.alternativateatral.com\/rubro.asp?c=19\" style=\"text-decoration:none;\"><span style=\"color: rgb(0, 0, 0); background-color: transparent; font-style: normal; font-variant: normal; text-decoration: none; vertical-align: baseline; white-space: pre-wrap;\">PRODUCCI\u00d3N<\/span><\/a><span style=\"color: rgb(0, 0, 0); background-color: transparent; font-style: normal; font-variant: normal; text-decoration: none; vertical-align: baseline; white-space: pre-wrap;\">: <\/span><a href=\"http:\/\/www.alternativateatral.com\/persona20165-marcelo-rios\"><span style=\"color: rgb(0, 0, 0); background-color: transparent; font-variant-numeric: normal; font-variant-east-asian: normal; vertical-align: baseline; white-space: pre-wrap;\">Marcelo Rios<\/span><\/a><\/p><p dir=\"ltr\" style=\"line-height:1.38;margin-top:0pt;margin-bottom:0pt;\"><a href=\"http:\/\/www.alternativateatral.com\/rubro.asp?c=1\" style=\"text-decoration: none;\"><span style=\"color: rgb(0, 0, 0); background-color: transparent; font-style: normal; font-variant: normal; text-decoration: none; vertical-align: baseline; white-space: pre-wrap;\">DIRECCI\u00d3N<\/span><\/a><span style=\"color: rgb(0, 0, 0); background-color: transparent; font-style: normal; font-variant: normal; text-decoration: none; vertical-align: baseline; white-space: pre-wrap;\">: <\/span><a href=\"http:\/\/www.alternativateatral.com\/persona22440-ariel-blasco\" style=\"\"><span style=\"color: rgb(0, 0, 0); background-color: transparent; font-variant-numeric: normal; font-variant-east-asian: normal; vertical-align: baseline; white-space: pre-wrap;\">Ariel Blasco<\/span><\/a><br><\/p><p dir=\"ltr\" style=\"line-height:1.38;margin-top:0pt;margin-bottom:0pt;\"><span style=\"font-size:11pt;font-family:Arial;color:#000000;background-color:transparent;font-weight:400;font-style:normal;font-variant:normal;text-decoration:none;vertical-align:baseline;white-space:pre;white-space:pre-wrap;\"><\/span><\/p><\/span><\/span><span style=\"font-family: &quot;Roboto Condensed&quot;; font-size: 16px;\"><p dir=\"ltr\" style=\"line-height:1.38;margin-top:0pt;margin-bottom:0pt;\"><a href=\"http:\/\/www.alternativateatral.com\/persona22440-ariel-blasco\"><span style=\"font-size: 11pt; color: rgb(0, 0, 0); background-color: transparent; font-variant-numeric: normal; font-variant-east-asian: normal; vertical-align: baseline; white-space: pre-wrap;\"><\/span><\/a><\/p><\/span><p dir=\"ltr\" style=\"line-height:1.38;margin-top:0pt;margin-bottom:0pt;\"><a href=\"http:\/\/www.alternativateatral.com\/persona22440-ariel-blasco\"><span style=\"font-size: 11pt; font-family: Arial; color: rgb(0, 0, 0); background-color: transparent; font-variant-numeric: normal; font-variant-east-asian: normal; vertical-align: baseline; white-space: pre-wrap;\"><\/span><\/a><\/p>\n<p style=\"color: rgb(0, 0, 0);\">FUNCIONES:<br>La Nave Cultural (2015)<br><span style=\"background-color: transparent;\">Espacio Cultural Julio Le Parc (2015)<br>Gabinete Multiespacio (2015)<\/span><\/p>\n<p><strong><span style=\"color: #ff703e;\"><\/span><\/strong><\/p><span style=\"font-size:16px;\"><p><span style=\"color: rgb(255, 112, 62);\">FICHA T\u00c9CNICO ART\u00cdSTICA &#8211; Funciones Madrid, Espa\u00f1a, (2014)\n\n\n<\/span><\/p>\n<p dir=\"ltr\" style=\"line-height:1.38;margin-top:0pt;margin-bottom:0pt;\"><a href=\"http:\/\/www.alternativateatral.com\/rubro.asp?c=2\" style=\"text-decoration:none;\"><span style=\"font-family: Arial; color: rgb(0, 0, 0); background-color: transparent; font-style: normal; font-variant: normal; text-decoration: none; vertical-align: baseline; white-space: pre-wrap;\"><\/span><\/a><\/p><span style=\"font-family: &quot;Roboto Condensed&quot;;\"><p dir=\"ltr\" style=\"line-height:1.38;margin-top:0pt;margin-bottom:0pt;\"><a href=\"http:\/\/www.alternativateatral.com\/rubro.asp?c=2\" style=\"text-decoration: none;\"><span style=\"color: rgb(0, 0, 0); background-color: transparent; font-style: normal; font-variant: normal; text-decoration: none; vertical-align: baseline; white-space: pre-wrap;\">ACT\u00daAN<\/span><\/a><span style=\"color: rgb(0, 0, 0); background-color: transparent; font-style: normal; font-variant: normal; text-decoration: none; vertical-align: baseline; white-space: pre-wrap;\">: <\/span><span style=\"color: rgb(0, 0, 0); background-color: transparent; font-variant-numeric: normal; font-variant-east-asian: normal; vertical-align: baseline; white-space: pre-wrap;\"><a href=\"http:\/\/www.alternativateatral.com\/persona68717-marcelo-lacerna\"> <\/a>Aisha Wizuete, Juan Martin Gravina,  Natalia Moya.<a href=\"http:\/\/www.alternativateatral.com\/persona68717-marcelo-lacerna\">\n<\/a><\/span><span style=\"color: rgb(0, 0, 0); background-color: transparent; font-variant-numeric: normal; font-variant-east-asian: normal; vertical-align: baseline; white-space: pre-wrap;\">DIRECCI\u00d3N<\/span><span style=\"background-color: transparent; color: rgb(0, 0, 0); font-variant-numeric: normal; font-variant-east-asian: normal; vertical-align: baseline; white-space: pre-wrap;\">: <\/span><span style=\"color: rgb(0, 0, 0); background-color: transparent; font-variant-numeric: normal; font-variant-east-asian: normal; vertical-align: baseline; white-space: pre-wrap;\">Eva Redondo Llorente<\/span><\/p><p dir=\"ltr\" style=\"line-height:1.38;margin-top:0pt;margin-bottom:0pt;\"><a href=\"http:\/\/www.alternativateatral.com\/persona22440-ariel-blasco\"><span style=\"font-size:11pt;font-family:Arial;color:#000000;background-color:transparent;font-weight:400;font-style:normal;font-variant:normal;text-decoration:none;vertical-align:baseline;white-space:pre;white-space:pre-wrap;\"><\/span><\/a><\/p><\/span><\/span><a href=\"http:\/\/www.alternativateatral.com\/persona22440-ariel-blasco\"><span style=\"font-family: &quot;Roboto Condensed&quot;; font-size: 16px;\"><\/span><\/a><p dir=\"ltr\" style=\"line-height:1.38;margin-top:0pt;margin-bottom:0pt;\"><a href=\"http:\/\/www.alternativateatral.com\/persona22440-ariel-blasco\"><\/a><a href=\"http:\/\/www.alternativateatral.com\/persona22440-ariel-blasco\"><span style=\"font-size: 11pt; color: rgb(0, 0, 0); background-color: transparent; font-variant-numeric: normal; font-variant-east-asian: normal; vertical-align: baseline; white-space: pre-wrap;\"><\/span><\/a><\/p><p dir=\"ltr\" style=\"line-height:1.38;margin-top:0pt;margin-bottom:0pt;\"><a href=\"http:\/\/www.alternativateatral.com\/persona22440-ariel-blasco\"><span style=\"font-size: 11pt; font-family: Arial; color: rgb(0, 0, 0); background-color: transparent; font-variant-numeric: normal; font-variant-east-asian: normal; vertical-align: baseline; white-space: pre-wrap;\"><\/span><\/a><\/p>\n<p><span style=\"color:#000000;\">Funciones en Matadero Madrid, auspiciado por la  Embajada Argentina en Espa\u00f1a y  la Real Academia de Arte Dram\u00e1tico de Madrid, 2014.<\/span>\n<\/p>\n<ul>\n<li style=\"color: #ff703e;\"><span style=\"color: #000000;\">Solicitar texto por mensaje.<\/span><\/li>\n<\/ul>\n\n\n\n\n\n\n\n\n<p><span style=\"color: #000000;\"><span>NO BAILAMOS TANGO<b><br><\/b><\/span><span><span style=\"font-family: 'Playfair Display';\"><em>(teatro \/ comedia \/ autora)<\/em><\/span><\/span><\/span><\/p>\n\n<p><span style=\"background-color: transparent; color: #000000;\">SINOPSIS<br><\/span><span style=\"color: #000000; background-color: transparent;\">\u00bfQu\u00e9 es ser argentino? \u00bfBailar tango, comer asado, tomar mate? \u00bfQu\u00e9 es tener \u00e9xito? \u00bfUno es o aparenta ser? \u00bfHasta d\u00f3nde una mentira alivia una existencia? \u00bfPor qu\u00e9 es mejor decir la verdad? Marga y Esteban son una joven pareja que trata de reconstruir su vida luego de una crisis econ\u00f3mica. Marga miente compulsivamente y luego olvida sus mentiras. Si hasta aqu\u00ed su vida era angustiante, todo se potencia con la llegada de su exitosa amiga Agustina, quien decide instalarse en el pa\u00eds y rescatar sus ra\u00edces argentinas y aut\u00f3ctonas. Agustina, no solo es la ex de Esteban, si no que pretende aprender a bailar tango con \u00e9l. Las mentiras se potencian, y la ficci\u00f3n de Marga se hace insostenible, no s\u00f3lo para ella sino para Esteban, a quien arrastra a su mundo de ficci\u00f3n.\n<\/span><\/p>\n<ul>\n<li style=\"color: #ff703e;\"><span style=\"color: #000000;\">Obra realizada en Espa\u00f1a y en el interior de nuestro pa\u00eds  por diferentes  elencos.\n<\/span><\/li>\n<\/ul>\n<p><span style=\"color: rgb(255, 112, 62);\">FICHA T\u00c9CNICO ART\u00cdSTICA &#8211; Funciones Neuqu\u00e9n,  Argentina, (2006)\n<\/span><\/p>\n<p><span style=\"color: #000000;\">ACT\u00daAN:\nMarisol Lerin, Juan Fernando Rubio, Mariana Soba<br>ASISTENCIA GENERAL:\nEmilia Othar\u00e1n<br>PRENSA:\nDaniel Franco, Paula Simkin<br>DIRECCI\u00d3N:\nJos\u00e9 Trujillo\n<\/span><\/p>\n<p><strong><span style=\"color: #ff703e;\"><\/span><\/strong><\/p><span style=\"font-size:16px;\"><p><span style=\"color: rgb(255, 112, 62);\">FICHA T\u00c9CNICO ART\u00cdSTICA &#8211; Funciones Mendoza, Argentina, (2015)\n\n<\/span><\/p>\n<p dir=\"ltr\" style=\"line-height:1.38;margin-top:0pt;margin-bottom:0pt;\"><a href=\"http:\/\/www.alternativateatral.com\/rubro.asp?c=2\" style=\"text-decoration:none;\"><span style=\"font-family: Arial; color: rgb(0, 0, 0); background-color: transparent; font-style: normal; font-variant: normal; text-decoration: none; vertical-align: baseline; white-space: pre-wrap;\"><\/span><\/a><\/p><span style=\"font-family: &quot;Roboto Condensed&quot;;\"><p dir=\"ltr\" style=\"line-height:1.38;margin-top:0pt;margin-bottom:0pt;\"><a href=\"http:\/\/www.alternativateatral.com\/rubro.asp?c=2\" style=\"text-decoration:none;\"><span style=\"color: rgb(0, 0, 0); background-color: transparent; font-style: normal; font-variant: normal; text-decoration: none; vertical-align: baseline; white-space: pre-wrap;\">ACT\u00daAN<\/span><\/a><span style=\"color: rgb(0, 0, 0); background-color: transparent; font-style: normal; font-variant: normal; text-decoration: none; vertical-align: baseline; white-space: pre-wrap;\">: <\/span><a href=\"http:\/\/www.alternativateatral.com\/persona68717-marcelo-lacerna\"><span style=\"color: rgb(0, 0, 0); background-color: transparent; font-variant-numeric: normal; font-variant-east-asian: normal; vertical-align: baseline; white-space: pre-wrap;\">M<span style=\"\"><span style=\"\"><\/span><\/span>arcelo Lacerna<\/span><\/a><span style=\"background-color: transparent; color: rgb(0, 0, 0); font-variant-numeric: normal; font-variant-east-asian: normal; vertical-align: baseline; white-space: pre-wrap;\">, <\/span><a href=\"http:\/\/www.alternativateatral.com\/persona45060-elena-schnell\"><span style=\"color: rgb(0, 0, 0); background-color: transparent; font-variant-numeric: normal; font-variant-east-asian: normal; vertical-align: baseline; white-space: pre-wrap;\">Elena Schnell<\/span><\/a><span style=\"background-color: transparent; color: rgb(0, 0, 0); font-variant-numeric: normal; font-variant-east-asian: normal; vertical-align: baseline; white-space: pre-wrap;\">, <\/span><a href=\"http:\/\/www.alternativateatral.com\/persona253965-sara-torres\"><span style=\"color: rgb(0, 0, 0); background-color: transparent; font-variant-numeric: normal; font-variant-east-asian: normal; vertical-align: baseline; white-space: pre-wrap;\">Sara Torres<\/span><\/a><\/p><p dir=\"ltr\" style=\"line-height:1.38;margin-top:0pt;margin-bottom:0pt;\"><a href=\"http:\/\/www.alternativateatral.com\/rubro.asp?c=19\" style=\"text-decoration:none;\"><span style=\"color: rgb(0, 0, 0); background-color: transparent; font-style: normal; font-variant: normal; text-decoration: none; vertical-align: baseline; white-space: pre-wrap;\">PRODUCCI\u00d3N<\/span><\/a><span style=\"color: rgb(0, 0, 0); background-color: transparent; font-style: normal; font-variant: normal; text-decoration: none; vertical-align: baseline; white-space: pre-wrap;\">: <\/span><a href=\"http:\/\/www.alternativateatral.com\/persona20165-marcelo-rios\"><span style=\"color: rgb(0, 0, 0); background-color: transparent; font-variant-numeric: normal; font-variant-east-asian: normal; vertical-align: baseline; white-space: pre-wrap;\">Marcelo Rios<\/span><\/a><\/p><p dir=\"ltr\" style=\"line-height:1.38;margin-top:0pt;margin-bottom:0pt;\"><a href=\"http:\/\/www.alternativateatral.com\/rubro.asp?c=1\" style=\"text-decoration: none;\"><span style=\"color: rgb(0, 0, 0); background-color: transparent; font-style: normal; font-variant: normal; text-decoration: none; vertical-align: baseline; white-space: pre-wrap;\">DIRECCI\u00d3N<\/span><\/a><span style=\"color: rgb(0, 0, 0); background-color: transparent; font-style: normal; font-variant: normal; text-decoration: none; vertical-align: baseline; white-space: pre-wrap;\">: <\/span><a href=\"http:\/\/www.alternativateatral.com\/persona22440-ariel-blasco\" style=\"\"><span style=\"color: rgb(0, 0, 0); background-color: transparent; font-variant-numeric: normal; font-variant-east-asian: normal; vertical-align: baseline; white-space: pre-wrap;\">Ariel Blasco<\/span><\/a><br><\/p><p dir=\"ltr\" style=\"line-height:1.38;margin-top:0pt;margin-bottom:0pt;\"><span style=\"font-size:11pt;font-family:Arial;color:#000000;background-color:transparent;font-weight:400;font-style:normal;font-variant:normal;text-decoration:none;vertical-align:baseline;white-space:pre;white-space:pre-wrap;\"><\/span><\/p><\/span><\/span><span style=\"font-family: &quot;Roboto Condensed&quot;; font-size: 16px;\"><p dir=\"ltr\" style=\"line-height:1.38;margin-top:0pt;margin-bottom:0pt;\"><a href=\"http:\/\/www.alternativateatral.com\/persona22440-ariel-blasco\"><span style=\"font-size: 11pt; color: rgb(0, 0, 0); background-color: transparent; font-variant-numeric: normal; font-variant-east-asian: normal; vertical-align: baseline; white-space: pre-wrap;\"><\/span><\/a><\/p><\/span><p dir=\"ltr\" style=\"line-height:1.38;margin-top:0pt;margin-bottom:0pt;\"><a href=\"http:\/\/www.alternativateatral.com\/persona22440-ariel-blasco\"><span style=\"font-size: 11pt; font-family: Arial; color: rgb(0, 0, 0); background-color: transparent; font-variant-numeric: normal; font-variant-east-asian: normal; vertical-align: baseline; white-space: pre-wrap;\"><\/span><\/a><\/p>\n<p style=\"color: rgb(0, 0, 0);\">FUNCIONES:<br>La Nave Cultural (2015)<br><span style=\"background-color: transparent;\">Espacio Cultural Julio Le Parc (2015)<br>Gabinete Multiespacio (2015)<\/span><\/p>\n<p><strong><span style=\"color: #ff703e;\"><\/span><\/strong><\/p><span style=\"font-size:16px;\"><p><span style=\"color: rgb(255, 112, 62);\">FICHA T\u00c9CNICO ART\u00cdSTICA &#8211; Funciones Madrid, Espa\u00f1a, (2014)\n\n\n<\/span><\/p>\n<p dir=\"ltr\" style=\"line-height:1.38;margin-top:0pt;margin-bottom:0pt;\"><a href=\"http:\/\/www.alternativateatral.com\/rubro.asp?c=2\" style=\"text-decoration:none;\"><span style=\"font-family: Arial; color: rgb(0, 0, 0); background-color: transparent; font-style: normal; font-variant: normal; text-decoration: none; vertical-align: baseline; white-space: pre-wrap;\"><\/span><\/a><\/p><span style=\"font-family: &quot;Roboto Condensed&quot;;\"><p dir=\"ltr\" style=\"line-height:1.38;margin-top:0pt;margin-bottom:0pt;\"><a href=\"http:\/\/www.alternativateatral.com\/rubro.asp?c=2\" style=\"text-decoration: none;\"><span style=\"color: rgb(0, 0, 0); background-color: transparent; font-style: normal; font-variant: normal; text-decoration: none; vertical-align: baseline; white-space: pre-wrap;\">ACT\u00daAN<\/span><\/a><span style=\"color: rgb(0, 0, 0); background-color: transparent; font-style: normal; font-variant: normal; text-decoration: none; vertical-align: baseline; white-space: pre-wrap;\">: <\/span><span style=\"color: rgb(0, 0, 0); background-color: transparent; font-variant-numeric: normal; font-variant-east-asian: normal; vertical-align: baseline; white-space: pre-wrap;\"><a href=\"http:\/\/www.alternativateatral.com\/persona68717-marcelo-lacerna\"> <\/a>Aisha Wizuete, Juan Martin Gravina,  Natalia Moya.<a href=\"http:\/\/www.alternativateatral.com\/persona68717-marcelo-lacerna\">\n<\/a><\/span><span style=\"color: rgb(0, 0, 0); background-color: transparent; font-variant-numeric: normal; font-variant-east-asian: normal; vertical-align: baseline; white-space: pre-wrap;\">DIRECCI\u00d3N<\/span><span style=\"background-color: transparent; color: rgb(0, 0, 0); font-variant-numeric: normal; font-variant-east-asian: normal; vertical-align: baseline; white-space: pre-wrap;\">: <\/span><span style=\"color: rgb(0, 0, 0); background-color: transparent; font-variant-numeric: normal; font-variant-east-asian: normal; vertical-align: baseline; white-space: pre-wrap;\">Eva Redondo Llorente<\/span><\/p><p dir=\"ltr\" style=\"line-height:1.38;margin-top:0pt;margin-bottom:0pt;\"><a href=\"http:\/\/www.alternativateatral.com\/persona22440-ariel-blasco\"><span style=\"font-size:11pt;font-family:Arial;color:#000000;background-color:transparent;font-weight:400;font-style:normal;font-variant:normal;text-decoration:none;vertical-align:baseline;white-space:pre;white-space:pre-wrap;\"><\/span><\/a><\/p><\/span><\/span><a href=\"http:\/\/www.alternativateatral.com\/persona22440-ariel-blasco\"><span style=\"font-family: &quot;Roboto Condensed&quot;; font-size: 16px;\"><\/span><\/a><p dir=\"ltr\" style=\"line-height:1.38;margin-top:0pt;margin-bottom:0pt;\"><a href=\"http:\/\/www.alternativateatral.com\/persona22440-ariel-blasco\"><\/a><a href=\"http:\/\/www.alternativateatral.com\/persona22440-ariel-blasco\"><span style=\"font-size: 11pt; color: rgb(0, 0, 0); background-color: transparent; font-variant-numeric: normal; font-variant-east-asian: normal; vertical-align: baseline; white-space: pre-wrap;\"><\/span><\/a><\/p><p dir=\"ltr\" style=\"line-height:1.38;margin-top:0pt;margin-bottom:0pt;\"><a href=\"http:\/\/www.alternativateatral.com\/persona22440-ariel-blasco\"><span style=\"font-size: 11pt; font-family: Arial; color: rgb(0, 0, 0); background-color: transparent; font-variant-numeric: normal; font-variant-east-asian: normal; vertical-align: baseline; white-space: pre-wrap;\"><\/span><\/a><\/p>\n<p><span style=\"color:#000000;\">Funciones en Matadero Madrid, auspiciado por la  Embajada Argentina en Espa\u00f1a y  la Real Academia de Arte Dram\u00e1tico de Madrid, 2014.<\/span>\n<\/p>\n<ul>\n<li style=\"color: #ff703e;\"><span style=\"color: #000000;\">Solicitar texto por mensaje.<\/span><\/li>\n<\/ul>\n\n\n\n\n\n\n","protected":false},"excerpt":{"rendered":"","protected":false},"author":1,"featured_media":0,"parent":0,"menu_order":0,"comment_status":"closed","ping_status":"closed","template":"","meta":{"om_disable_all_campaigns":false,"pagelayer_contact_templates":[],"_pagelayer_content":"","_monsterinsights_skip_tracking":false,"_monsterinsights_sitenote_active":false,"_monsterinsights_sitenote_note":"","_monsterinsights_sitenote_category":0,"footnotes":""},"class_list":["post-908","page","type-page","status-publish","hentry"],"aioseo_notices":[],"_links":{"self":[{"href":"https:\/\/monicasalerno.com\/index.php\/wp-json\/wp\/v2\/pages\/908","targetHints":{"allow":["GET"]}}],"collection":[{"href":"https:\/\/monicasalerno.com\/index.php\/wp-json\/wp\/v2\/pages"}],"about":[{"href":"https:\/\/monicasalerno.com\/index.php\/wp-json\/wp\/v2\/types\/page"}],"author":[{"embeddable":true,"href":"https:\/\/monicasalerno.com\/index.php\/wp-json\/wp\/v2\/users\/1"}],"replies":[{"embeddable":true,"href":"https:\/\/monicasalerno.com\/index.php\/wp-json\/wp\/v2\/comments?post=908"}],"version-history":[{"count":27,"href":"https:\/\/monicasalerno.com\/index.php\/wp-json\/wp\/v2\/pages\/908\/revisions"}],"predecessor-version":[{"id":1362,"href":"https:\/\/monicasalerno.com\/index.php\/wp-json\/wp\/v2\/pages\/908\/revisions\/1362"}],"wp:attachment":[{"href":"https:\/\/monicasalerno.com\/index.php\/wp-json\/wp\/v2\/media?parent=908"}],"curies":[{"name":"wp","href":"https:\/\/api.w.org\/{rel}","templated":true}]}}