{"id":818,"date":"2022-11-28T12:28:44","date_gmt":"2022-11-28T12:28:44","guid":{"rendered":"https:\/\/monicasalerno.com\/?page_id=705"},"modified":"2023-01-13T21:43:49","modified_gmt":"2023-01-13T21:43:49","slug":"zafra","status":"publish","type":"page","link":"https:\/\/monicasalerno.com\/index.php\/zafra\/","title":{"rendered":"Zafra"},"content":{"rendered":"\n\n\n\n\n\n\n\n\n\n\n<p style=\"color: rgb(255, 112, 62);\"><a href=\"https:\/\/monicasalerno.com\/index.php\/sample-page\/\" style=\"color: rgb(255, 112, 62);\">M\u00f3nica Salerno<\/a><\/p>\n\n\n\n\n\n\n\n<p><a href=\"https:\/\/monicasalerno.com\/index.php\/bio\/\">BIO<\/a><\/p>\n<p><a href=\"https:\/\/monicasalerno.com\/index.php\/talleres\/\">TALLERES<\/a><\/p>\n\n\n\n<p><a href=\"https:\/\/monicasalerno.com\/index.php\/prensa\/\">PRENSA<\/a><\/p>\n<p><a href=\"https:\/\/monicasalerno.com\/index.php\/proyectos\/\">PROYECTOS<\/a><\/p>\n\n\n\n\n\n\n\n\n\n<p style=\"color: rgb(255, 112, 62);\"><a href=\"https:\/\/monicasalerno.com\/index.php\/sample-page\/\" style=\"color: rgb(255, 112, 62);\">M\u00f3nica Salerno<\/a><\/p>\n\n\n\n\n\n\n\n<p><a href=\"https:\/\/monicasalerno.com\/index.php\/bio\/\">BIO<\/a><\/p>\n<p><a href=\"https:\/\/monicasalerno.com\/index.php\/talleres\/\">TALLERES<\/a><\/p>\n\n\n\n<p><a href=\"https:\/\/monicasalerno.com\/index.php\/prensa\/\">PRENSA<\/a><\/p>\n<p><a href=\"https:\/\/monicasalerno.com\/index.php\/proyectos\/\">PROYECTOS<\/a><\/p>\n\n\n\n\n\n\n\n\n\n<p>&nbsp;<\/p>\n<p style=\"text-align: right; color: #afafaf; font-size: 13px;\"><br><\/p>\n\n\n\n\n\n\n\n\n<p>&nbsp;<\/p>\n<p style=\"text-align: right; color: #afafaf; font-size: 13px;\"><br><\/p>\n\n\n<p><span style=\"color: #000000;\">ZAFRA&nbsp;<span style=\"font-family: &quot;Playfair Display&quot;;\"><em style=\"\">(teatro)<\/em><\/span><\/span><\/p>\n\n<ul style=\"font-family: 'Roboto Condensed';\">\n<li style=\"color: #ff703e; list-style-type: none;\"><span style=\"background-color: transparent; color: #000000;\">Teatro Nacional Cervantes. 2014.<\/span><\/li>\n<\/ul>\n\n<p><span style=\"background-color: transparent; color: #000000;\">SINOPSIS<\/span><\/p>\n<p><span style=\"background-color: transparent; color: rgb(0, 0, 0);\">Un matriarcado. Tres hijas. Dos se van de vacaciones, regresa una. La historia comienza con la desaparici\u00f3n de la hija favorita de una famosa empresaria, viuda del zar del az\u00facar de Tucum\u00e1n. Las sospechas recaen sobre la hermana mayor, de la hermana perdida s\u00f3lo se encuentra ropa sucia con sangre al pie de un acantilado en una playa europea.<\/span><\/p>\n<p><span style=\"background-color: transparent;\">\n<\/span><\/p>\n<p><span style=\"color:#000000;\">Por las noches, la matriarca tortura con preguntas a la que ha regresado, cada noche escucha una versi\u00f3n distinta de los hechos. Mientras, entre escena y escena se cuenta el mito de &#8220;El Familiar&#8221;, demonio de los ingenios azucareros que hace millonario a su poseedor, aliment\u00e1ndose de peones rebeldes.\nLa verdad es liberadora, pero tambi\u00e9n puede ser cruel.<\/span>\n<\/p>\n<p>&nbsp;<\/p><ul><li style=\"color: rgb(255, 112, 62);\"><span style=\"color: rgb(0, 0, 0);\">Este espect\u00e1culo form\u00f3 parte del evento: Autoras Argentinas<\/span><\/li><\/ul>\n<p><strong><br><\/strong><\/p>\n<p><\/p><span style=\"color:#ff703e; font-weight: 500;\"><p>FICHA T\u00c9CNICO ART\u00cdSTICA <\/p>\n<p><\/p><\/span>\n\n<p><span style=\"font-weight:500;\"><\/span><\/p><span style=\"color:#000000;\"><p><span style=\"font-weight:500;\">DIRECCI\u00d3N Y DRAMATURGIA:<\/span>\n M\u00f3nica Salerno<\/p>\n\n<p><span style=\"font-weight:500;\">ACT\u00daAN: <\/span>Mirta Bogdasarian, Irene Goldszer, Luciana Mastromauro\n<\/p>\n\n<p><span style=\"background-color: transparent;\">ASISTENTE DE DIRECCI\u00d3N:<\/span><span style=\"background-color: transparent;\">&nbsp;Iv\u00e1n Balsa<\/span><br><\/p><\/span><p><\/p>\n<p><br><\/p>\n<p><br><\/p>\n\n\n\n\n\n\n<p>&nbsp;<\/p>\n<p style=\"text-align: right; color: #afafaf; font-size: 13px;\"><br><\/p>\n\n\n\n\n<p><span style=\"color: #000000;\">ZAFRA&nbsp;<span style=\"font-family: &quot;Playfair Display&quot;;\"><em style=\"\">(teatro)<\/em><\/span><\/span><\/p>\n<ul style=\"font-family: 'Roboto Condensed';\">\n<li style=\"color: #ff703e; list-style-type: none;\"><span style=\"background-color: transparent; color: #000000;\">Teatro Nacional Cervantes. 2014.<\/span><\/li>\n<\/ul>\n\n\n\n<p><span style=\"background-color: transparent; color: #000000;\">SINOPSIS<\/span><\/p>\n<p><span style=\"background-color: transparent; color: rgb(0, 0, 0);\">Un matriarcado. Tres hijas. Dos se van de vacaciones, regresa una. La historia comienza con la desaparici\u00f3n de la hija favorita de una famosa empresaria, viuda del zar del az\u00facar de Tucum\u00e1n. Las sospechas recaen sobre la hermana mayor, de la hermana perdida s\u00f3lo se encuentra ropa sucia con sangre al pie de un acantilado en una playa europea.<\/span><\/p>\n<p><span style=\"background-color: transparent;\">\n<\/span><\/p>\n<p><span style=\"color:#000000;\">Por las noches, la matriarca tortura con preguntas a la que ha regresado, cada noche escucha una versi\u00f3n distinta de los hechos. Mientras, entre escena y escena se cuenta el mito de &#8220;El Familiar&#8221;, demonio de los ingenios azucareros que hace millonario a su poseedor, aliment\u00e1ndose de peones rebeldes.\nLa verdad es liberadora, pero tambi\u00e9n puede ser cruel.<\/span><\/p>\n<p><span style=\"color:#000000;\"><\/span>\n<\/p>\n<p>&nbsp;<\/p><ul><li style=\"color: rgb(255, 112, 62);\"><span style=\"color: rgb(0, 0, 0);\">Este espect\u00e1culo form\u00f3 parte del evento: Autoras Argentinas<\/span><\/li><\/ul>\n<p><strong><br><\/strong><\/p>\n<p><\/p><span style=\"color:#ff703e; font-weight: 500;\"><p>FICHA T\u00c9CNICO ART\u00cdSTICA <\/p>\n<p><\/p><\/span>\n\n<p><span style=\"font-weight:500;\"><\/span><\/p><span style=\"color:#000000;\"><p><span style=\"font-weight:500;\">DIRECCI\u00d3N Y DRAMATURGIA:<\/span>\n M\u00f3nica Salerno<\/p>\n\n<p><span style=\"font-weight:500;\">ACT\u00daAN: <\/span>Mirta Bogdasarian, Irene Goldszer, Luciana Mastromauro\n<\/p>\n\n<p><span style=\"background-color: transparent;\">ASISTENTE DE DIRECCI\u00d3N:<\/span><span style=\"background-color: transparent;\">&nbsp;Iv\u00e1n Balsa<\/span><br><\/p><\/span>\n\n\n\n<p>&nbsp;<\/p>\n<p style=\"text-align: right; color: #afafaf; font-size: 13px;\"><br><\/p>\n\n\n\n\n\n\n","protected":false},"excerpt":{"rendered":"","protected":false},"author":1,"featured_media":0,"parent":0,"menu_order":0,"comment_status":"closed","ping_status":"closed","template":"","meta":{"om_disable_all_campaigns":false,"pagelayer_contact_templates":[],"_pagelayer_content":"","_monsterinsights_skip_tracking":false,"_monsterinsights_sitenote_active":false,"_monsterinsights_sitenote_note":"","_monsterinsights_sitenote_category":0,"footnotes":""},"class_list":["post-818","page","type-page","status-publish","hentry"],"aioseo_notices":[],"_links":{"self":[{"href":"https:\/\/monicasalerno.com\/index.php\/wp-json\/wp\/v2\/pages\/818","targetHints":{"allow":["GET"]}}],"collection":[{"href":"https:\/\/monicasalerno.com\/index.php\/wp-json\/wp\/v2\/pages"}],"about":[{"href":"https:\/\/monicasalerno.com\/index.php\/wp-json\/wp\/v2\/types\/page"}],"author":[{"embeddable":true,"href":"https:\/\/monicasalerno.com\/index.php\/wp-json\/wp\/v2\/users\/1"}],"replies":[{"embeddable":true,"href":"https:\/\/monicasalerno.com\/index.php\/wp-json\/wp\/v2\/comments?post=818"}],"version-history":[{"count":23,"href":"https:\/\/monicasalerno.com\/index.php\/wp-json\/wp\/v2\/pages\/818\/revisions"}],"predecessor-version":[{"id":1350,"href":"https:\/\/monicasalerno.com\/index.php\/wp-json\/wp\/v2\/pages\/818\/revisions\/1350"}],"wp:attachment":[{"href":"https:\/\/monicasalerno.com\/index.php\/wp-json\/wp\/v2\/media?parent=818"}],"curies":[{"name":"wp","href":"https:\/\/api.w.org\/{rel}","templated":true}]}}