{"id":786,"date":"2022-11-25T01:13:37","date_gmt":"2022-11-25T01:13:37","guid":{"rendered":"https:\/\/monicasalerno.com\/?page_id=705"},"modified":"2023-01-13T16:26:33","modified_gmt":"2023-01-13T16:26:33","slug":"rodando-arco","status":"publish","type":"page","link":"https:\/\/monicasalerno.com\/index.php\/rodando-arco\/","title":{"rendered":"RODANDO ARCO"},"content":{"rendered":"\n\n\n\n\n\n\n\n\n\n\n<p style=\"color: rgb(255, 112, 62);\"><a href=\"https:\/\/monicasalerno.com\/index.php\/sample-page\/\" style=\"color: rgb(255, 112, 62);\">M\u00f3nica Salerno<\/a><\/p>\n\n\n\n\n\n\n\n<p><a href=\"https:\/\/monicasalerno.com\/index.php\/bio\/\">BIO<\/a><\/p>\n<p><a href=\"https:\/\/monicasalerno.com\/index.php\/talleres\/\">TALLERES<\/a><\/p>\n\n\n\n<p><a href=\"https:\/\/monicasalerno.com\/index.php\/prensa\/\">PRENSA<\/a><\/p>\n<p><a href=\"https:\/\/monicasalerno.com\/index.php\/proyectos\/\">PROYECTOS<\/a><\/p>\n\n\n\n\n\n\n\n\n\n<p style=\"color: rgb(255, 112, 62);\"><a href=\"https:\/\/monicasalerno.com\/index.php\/sample-page\/\" style=\"color: rgb(255, 112, 62);\">M\u00f3nica Salerno<\/a><\/p>\n\n\n\n\n\n\n\n<p><a href=\"https:\/\/monicasalerno.com\/index.php\/bio\/\">BIO<\/a><\/p>\n<p><a href=\"https:\/\/monicasalerno.com\/index.php\/talleres\/\">TALLERES<\/a><\/p>\n\n\n\n<p><a href=\"https:\/\/monicasalerno.com\/index.php\/prensa\/\">PRENSA<\/a><\/p>\n<p><a href=\"https:\/\/monicasalerno.com\/index.php\/proyectos\/\">PROYECTOS<\/a><\/p>\n\n\n\n\n\n\n\n\n\n\n\n\n\n<p style=\"text-align: right; color: rgb(175, 175, 175); font-size: 13px;\">Fotos: Tom\u00e1s Romero<\/p>\n\n\n<p><span style=\"color: #000000;\">RODANDO ACO&nbsp;<span style=\"font-family: &quot;Playfair Display&quot;;\"><em style=\"\">(documental \/ largometraje \/ en desarrollo)<\/em><\/span><\/span><\/p>\n\n<ul style=\"font-family: 'Roboto Condensed';\">\n<li style=\"color: #ff703e; list-style-type: none;\"><span style=\"background-color: transparent; color: rgb(0, 0, 0);\">Guionista y directora. 2023.<\/span><\/li><\/ul>\n\n<p><span style=\"background-color: transparent; color: rgb(0, 0, 0);\">SINOPSIS<\/span><br><\/p>\n<p><span style=\"font-family: 'Roboto Condensed'; color: #000000;\">\u201cRodando Aco\u201d  es un documental que trata de descifrar  al genial Alejandro Acobino, quien se destac\u00f3 por sus comedias, convirti\u00e9ndose en un dramaturgo de culto. El tr\u00e1nsito por diversos sitios, fragmentos de su obras,  entrevistas a personalidades relevantes de la cultura off,  su prematura  muerte y su potente legado, adem\u00e1s de ser la puerta de entrada a una \u00e9poca  del teatro en  la ciudad de Buenos Aires. \n<span style=\"background-color: transparent;\">\u00a0<\/span><\/span><\/p>\n\n<p><font color=\"#000000\">LINK TRAILER\/TEASER:<\/font><span style=\"font-family: &quot;Roboto Condensed&quot;; color: rgb(0, 0, 0);\"><font color=\"#000000\"><strong>&nbsp;<\/strong><\/font><a href=\"https:\/\/vimeo.com\/754078478\"><span style=\"font-size: 11pt; color: rgb(0, 0, 0); background-color: transparent; font-variant-numeric: normal; font-variant-east-asian: normal; text-decoration-line: underline; text-decoration-skip-ink: none; vertical-align: baseline; white-space: pre-wrap;\">https:\/\/vimeo.com\/754078478<\/span><\/a><\/span><a href=\"https:\/\/vimeo.com\/754078478\"><span style=\"font-size: 11pt; font-family: Calibri, sans-serif; color: rgb(17, 85, 204); background-color: transparent; font-variant-numeric: normal; font-variant-east-asian: normal; text-decoration-line: underline; text-decoration-skip-ink: none; vertical-align: baseline; white-space: pre-wrap;\"><\/span><\/a><\/p>\n\n\n\n\n\n\n<p><span style=\"color: #000000;\">RODANDO ACO<br><span style=\"font-family: &quot;Playfair Display&quot;;\"><em style=\"font-size: 17px;\">(documental \/ largometraje \/ en desarrollo)<\/em><\/span><\/span><\/p>\n<ul style=\"font-family: 'Roboto Condensed';\">\n<li style=\"color: #ff703e; list-style-type: none;\"><span style=\"background-color: transparent; color: rgb(0, 0, 0);\">Guionista y directora. 2023.<\/span><\/li><\/ul>\n\n\n\n\n<p><span style=\"background-color: transparent; color: rgb(0, 0, 0);\">SINOPSIS<\/span><br><\/p>\n<p><span style=\"font-family: 'Roboto Condensed'; color: #000000;\">\u201cRodando Aco\u201d  es un documental que trata de descifrar  al genial Alejandro Acobino, quien se destac\u00f3 por sus comedias, convirti\u00e9ndose en un dramaturgo de culto. El tr\u00e1nsito por diversos sitios, fragmentos de su obras,  entrevistas a personalidades relevantes de la cultura off,  su prematura  muerte y su potente legado, adem\u00e1s de ser la puerta de entrada a una \u00e9poca  del teatro en  la ciudad de Buenos Aires. \n<span style=\"background-color: transparent;\">\u00a0<\/span><\/span><\/p>\n\n<p><font color=\"#000000\">LINK TRAILER\/TEASER:<\/font><span style=\"font-family: &quot;Roboto Condensed&quot;; color: rgb(0, 0, 0);\"><font color=\"#000000\"><strong>&nbsp;<\/strong><\/font><a href=\"https:\/\/vimeo.com\/754078478\"><span style=\"font-size: 11pt; color: rgb(0, 0, 0); background-color: transparent; font-variant-numeric: normal; font-variant-east-asian: normal; text-decoration-line: underline; text-decoration-skip-ink: none; vertical-align: baseline; white-space: pre-wrap;\">https:\/\/vimeo.com\/754078478<\/span><\/a><\/span><a href=\"https:\/\/vimeo.com\/754078478\"><span style=\"font-size: 11pt; font-family: Calibri, sans-serif; color: rgb(17, 85, 204); background-color: transparent; font-variant-numeric: normal; font-variant-east-asian: normal; text-decoration-line: underline; text-decoration-skip-ink: none; vertical-align: baseline; white-space: pre-wrap;\"><\/span><\/a><\/p>\n\n\n\n<p style=\"text-align: right; color: rgb(175, 175, 175); font-size: 13px;\">Fotos: Tom\u00e1s Romero<\/p>\n\n\n\n\n\n\n","protected":false},"excerpt":{"rendered":"","protected":false},"author":1,"featured_media":0,"parent":0,"menu_order":0,"comment_status":"closed","ping_status":"closed","template":"","meta":{"om_disable_all_campaigns":false,"pagelayer_contact_templates":[],"_pagelayer_content":"","_monsterinsights_skip_tracking":false,"_monsterinsights_sitenote_active":false,"_monsterinsights_sitenote_note":"","_monsterinsights_sitenote_category":0,"footnotes":""},"class_list":["post-786","page","type-page","status-publish","hentry"],"aioseo_notices":[],"_links":{"self":[{"href":"https:\/\/monicasalerno.com\/index.php\/wp-json\/wp\/v2\/pages\/786","targetHints":{"allow":["GET"]}}],"collection":[{"href":"https:\/\/monicasalerno.com\/index.php\/wp-json\/wp\/v2\/pages"}],"about":[{"href":"https:\/\/monicasalerno.com\/index.php\/wp-json\/wp\/v2\/types\/page"}],"author":[{"embeddable":true,"href":"https:\/\/monicasalerno.com\/index.php\/wp-json\/wp\/v2\/users\/1"}],"replies":[{"embeddable":true,"href":"https:\/\/monicasalerno.com\/index.php\/wp-json\/wp\/v2\/comments?post=786"}],"version-history":[{"count":27,"href":"https:\/\/monicasalerno.com\/index.php\/wp-json\/wp\/v2\/pages\/786\/revisions"}],"predecessor-version":[{"id":1322,"href":"https:\/\/monicasalerno.com\/index.php\/wp-json\/wp\/v2\/pages\/786\/revisions\/1322"}],"wp:attachment":[{"href":"https:\/\/monicasalerno.com\/index.php\/wp-json\/wp\/v2\/media?parent=786"}],"curies":[{"name":"wp","href":"https:\/\/api.w.org\/{rel}","templated":true}]}}