{"id":780,"date":"2022-11-23T14:28:04","date_gmt":"2022-11-23T14:28:04","guid":{"rendered":"https:\/\/monicasalerno.com\/?page_id=705"},"modified":"2023-02-27T15:52:47","modified_gmt":"2023-02-27T15:52:47","slug":"bio","status":"publish","type":"page","link":"https:\/\/monicasalerno.com\/index.php\/bio\/","title":{"rendered":"bio"},"content":{"rendered":"\n\n\n\n\n\n<p style=\"color: rgb(255, 112, 62);\"><a href=\"https:\/\/monicasalerno.com\/index.php\/sample-page\/\" style=\"color: rgb(255, 112, 62);\">M\u00f3nica Salerno<\/a><\/p>\n\n\n\n\n\n\n\n<p><a href=\"https:\/\/monicasalerno.com\/index.php\/bio\/\">BIO<\/a><\/p>\n<p><a href=\"https:\/\/monicasalerno.com\/index.php\/talleres\/\">TALLERES<\/a><\/p>\n\n\n\n<p><a href=\"https:\/\/monicasalerno.com\/index.php\/prensa\/\">PRENSA<\/a><\/p>\n<p><a href=\"https:\/\/monicasalerno.com\/index.php\/proyectos\/\">PROYECTOS<\/a><\/p>\n\n\n\n\n\n\n\n\n\n<p style=\"text-align: right; color: rgb(175, 175, 175); font-size: 13px;\">Foto: Marianela Depetro <\/p>\n\n\n<p><span style=\"color: rgb(0, 0, 0); text-indent: -0.0733337px; white-space: pre-wrap;\">Soy escritora, dramaturga, guionista, directora de teatro y cine. Trabajo como script doctor. \nSuperviso y acompa\u00f1o a otros artistas en&nbsp; proyectos&nbsp; de ficci\u00f3n y cine documental.<\/span><br><\/p>\n<p><span style=\"color: rgb(0, 0, 0); text-indent: -0.0733337px; white-space: pre-wrap;\">Me form\u00e9 en dramaturgia con diferentes maestros, entre ellos Ricardo Monti, y en&nbsp; la Escuela Metropolitana de Arte Dram\u00e1tico (EMAD), con Mauricio Kartun. Egres\u00e9&nbsp; de la Escuela Nacional de Experimentaci\u00f3n y Realizaci\u00f3n Cinematogr\u00e1fica (E.N.E.R.C) en&nbsp; Guion. Estudi\u00e9&nbsp; Letras en la U.B.A y soy licenciada en Ense\u00f1anza de Artes Audiovisuales en la Universidad de San Mart\u00edn (UNSAM). Continu\u00e9 mis estudios de&nbsp; \u201cPuesta en escena\u201d con Rub\u00e9n Szuchmacher.<\/span><br><\/p>\n<p><span style=\"font-variant-numeric: normal; font-variant-east-asian: normal; text-indent: -0.0733337px; background-color: transparent; color: rgb(0, 0, 0); vertical-align: baseline; white-space: pre-wrap;\">Recib\u00ed el segundo premio <\/span><span style=\"font-variant-numeric: normal; font-variant-east-asian: normal; text-indent: -0.0733337px; background-color: transparent; color: rgb(0, 0, 0); font-weight: 700; vertical-align: baseline; white-space: pre-wrap;\">Germ\u00e1n Rozenmacher de Nueva Dramaturgia<\/span><span style=\"font-variant-numeric: normal; font-variant-east-asian: normal; text-indent: -0.0733337px; background-color: transparent; color: rgb(0, 0, 0); vertical-align: baseline; white-space: pre-wrap;\"> por mi obra <\/span><span style=\"font-variant-numeric: normal; font-variant-east-asian: normal; text-indent: -0.0733337px; background-color: transparent; color: rgb(0, 0, 0); font-weight: 700; vertical-align: baseline; white-space: pre-wrap;\">\u201cAlbina<\/span><span style=\"font-variant-numeric: normal; font-variant-east-asian: normal; text-indent: -0.0733337px; background-color: transparent; color: rgb(0, 0, 0); vertical-align: baseline; white-space: pre-wrap;\">\u201d&nbsp; estrenada en el Teatro del Pueblo, traducida al ingl\u00e9s y franc\u00e9s.&nbsp; Dirig\u00ed <\/span><span style=\"font-variant-numeric: normal; font-variant-east-asian: normal; text-indent: -0.0733337px; background-color: transparent; color: rgb(0, 0, 0); font-weight: 700; vertical-align: baseline; white-space: pre-wrap;\">&nbsp;\u201cZafra\u201d <\/span><span style=\"font-variant-numeric: normal; font-variant-east-asian: normal; text-indent: -0.0733337px; background-color: transparent; color: rgb(0, 0, 0); vertical-align: baseline; white-space: pre-wrap;\">en el Teatro Nacional Cervantes, <\/span><span style=\"font-variant-numeric: normal; font-variant-east-asian: normal; text-indent: -0.0733337px; background-color: transparent; color: rgb(0, 0, 0); font-weight: 700; vertical-align: baseline; white-space: pre-wrap;\">&#8220;Inundaci\u00f3n&#8221;<\/span><span style=\"font-variant-numeric: normal; font-variant-east-asian: normal; text-indent: -0.0733337px; background-color: transparent; color: rgb(0, 0, 0); vertical-align: baseline; white-space: pre-wrap;\"> en el Centro Cultural Ricardo Rojas. Como autora <\/span><span style=\"font-variant-numeric: normal; font-variant-east-asian: normal; text-indent: -0.0733337px; background-color: transparent; color: rgb(0, 0, 0); font-weight: 700; vertical-align: baseline; white-space: pre-wrap;\">\u201cNo bailamos Tango\u201d<\/span><span style=\"font-variant-numeric: normal; font-variant-east-asian: normal; text-indent: -0.0733337px; background-color: transparent; color: rgb(0, 0, 0); vertical-align: baseline; white-space: pre-wrap;\"> se represent\u00f3 en Madrid y en varias provincias argentinas, obtuvo una menci\u00f3n especial del Premio Municipal de Dramaturgia, y fue premiada&nbsp; y editada en el Festival Nacional de Humor de Zapala, Neuqu\u00e9n (2006).&nbsp;<\/span><\/p>\n<p><span\u00a0style=\"font-variant-numeric: normal;=\"\" font-variant-east-asian:=\"\" text-indent:=\"\" -0.0733337px;=\"\" background-color:=\"\" transparent;=\"\" color:=\"\" rgb(0,=\"\" 0,=\"\" 0);=\"\" vertical-align:=\"\" baseline;=\"\" white-space:=\"\" pre-wrap;\"=\"\"><span style=\"font-variant-numeric: normal; font-variant-east-asian: normal; text-indent: -0.0733337px; background-color: transparent; color: rgb(0, 0, 0); vertical-align: baseline; white-space: pre-wrap;\">En cine co-dirig\u00ed el largometraje<\/span><span style=\"font-variant-numeric: normal; font-variant-east-asian: normal; text-indent: -0.0733337px; background-color: transparent; color: rgb(0, 0, 0); font-weight: 700; vertical-align: baseline; white-space: pre-wrap;\"> \u201cKartun, el a\u00f1o de Salom\u00e9\u201d<\/span><span style=\"font-variant-numeric: normal; font-variant-east-asian: normal; text-indent: -0.0733337px; background-color: transparent; color: rgb(0, 0, 0); vertical-align: baseline; white-space: pre-wrap;\"> (2012), que se estren\u00f3 <\/span><span style=\"font-variant-numeric: normal; font-variant-east-asian: normal; text-indent: -0.0733337px; color: rgb(0, 0, 0); vertical-align: baseline; white-space: pre-wrap;\">&nbsp;en el 27 Festival de Cine de Mar del Plata<\/span><span style=\"font-variant-numeric: normal; font-variant-east-asian: normal; text-indent: -0.0733337px; color: rgb(0, 0, 0); vertical-align: baseline; white-space: pre-wrap;\">; <\/span><span style=\"font-variant-numeric: normal; font-variant-east-asian: normal; text-indent: -0.0733337px; background-color: transparent; color: rgb(0, 0, 0); vertical-align: baseline; white-space: pre-wrap;\">como guionista&nbsp; fui finalista del Concurso&nbsp; &#8220;Raymundo Gleyzer&#8221; con<\/span><span style=\"font-variant-numeric: normal; font-variant-east-asian: normal; text-indent: -0.0733337px; background-color: transparent; color: rgb(0, 0, 0); font-weight: 700; vertical-align: baseline; white-space: pre-wrap;\"> &#8220;Invierno de la Rabia&#8221;<\/span><span style=\"font-variant-numeric: normal; font-variant-east-asian: normal; text-indent: -0.0733337px; background-color: transparent; color: rgb(0, 0, 0); vertical-align: baseline; white-space: pre-wrap;\"> (2014).&nbsp;<\/span><\/span\u00a0style=\"font-variant-numeric:><\/p>\n<p><span\u00a0style=\"font-variant-numeric: normal;=\"\" font-variant-east-asian:=\"\" text-indent:=\"\" -0.0733337px;=\"\" background-color:=\"\" transparent;=\"\" color:=\"\" rgb(0,=\"\" 0,=\"\" 0);=\"\" vertical-align:=\"\" baseline;=\"\" white-space:=\"\" pre-wrap;\"=\"\"><span style=\"font-variant-numeric: normal; font-variant-east-asian: normal; text-indent: -0.0733337px; background-color: transparent; color: rgb(0, 0, 0); vertical-align: baseline; white-space: pre-wrap;\"><\/span><span style=\"font-variant-numeric: normal; font-variant-east-asian: normal; text-indent: -0.0733337px; background-color: transparent; color: rgb(0, 0, 0); vertical-align: baseline; white-space: pre-wrap;\">Obtuve la Beca del<\/span><span style=\"font-variant-numeric: normal; font-variant-east-asian: normal; text-indent: -0.0733337px; background-color: transparent; color: rgb(0, 0, 0); font-weight: 700; vertical-align: baseline; white-space: pre-wrap;\"> Fondo Nacional de las Artes<\/span><span style=\"font-variant-numeric: normal; font-variant-east-asian: normal; text-indent: -0.0733337px; background-color: transparent; color: rgb(0, 0, 0); vertical-align: baseline; white-space: pre-wrap;\"> en la categor\u00eda <\/span><span style=\"font-variant-numeric: normal; font-variant-east-asian: normal; text-indent: -0.0733337px; background-color: transparent; color: rgb(0, 0, 0); font-weight: 700; vertical-align: baseline; white-space: pre-wrap;\">Teatro <\/span><span style=\"font-variant-numeric: normal; font-variant-east-asian: normal; text-indent: -0.0733337px; background-color: transparent; color: rgb(0, 0, 0); vertical-align: baseline; white-space: pre-wrap;\">(2015) y la <\/span><span style=\"font-variant-numeric: normal; font-variant-east-asian: normal; text-indent: -0.0733337px; background-color: transparent; color: rgb(0, 0, 0); font-weight: 700; vertical-align: baseline; white-space: pre-wrap;\">Beca Bicentenario<\/span><span style=\"font-variant-numeric: normal; font-variant-east-asian: normal; text-indent: -0.0733337px; background-color: transparent; color: rgb(0, 0, 0); vertical-align: baseline; white-space: pre-wrap;\"> a la <\/span><span style=\"font-variant-numeric: normal; font-variant-east-asian: normal; text-indent: -0.0733337px; background-color: transparent; color: rgb(0, 0, 0); font-weight: 700; vertical-align: baseline; white-space: pre-wrap;\">Creaci\u00f3n en Letras <\/span><span style=\"font-variant-numeric: normal; font-variant-east-asian: normal; text-indent: -0.0733337px; background-color: transparent; color: rgb(0, 0, 0); vertical-align: baseline; white-space: pre-wrap;\">(2016).<\/span><\/span\u00a0style=\"font-variant-numeric:><\/p>\n<p><span\u00a0style=\"font-variant-numeric: normal;=\"\" font-variant-east-asian:=\"\" text-indent:=\"\" -0.0733337px;=\"\" background-color:=\"\" transparent;=\"\" color:=\"\" rgb(0,=\"\" 0,=\"\" 0);=\"\" vertical-align:=\"\" baseline;=\"\" white-space:=\"\" pre-wrap;\"=\"\"><span style=\"font-variant-numeric: normal; font-variant-east-asian: normal; text-indent: -0.0733337px; background-color: transparent; color: rgb(0, 0, 0); vertical-align: baseline; white-space: pre-wrap;\"><\/span><span style=\"color: rgb(0, 0, 0); text-indent: -0.0733337px; white-space: pre-wrap;\">Como docente estuve a cargo de la c\u00e1tedra de Dramaturgia y Puesta en Escena en el Instituto \u00c9TER de Radio y Comunicaci\u00f3n.&nbsp;<\/span><\/span\u00a0style=\"font-variant-numeric:><\/p>\n<p><span\u00a0style=\"font-variant-numeric: normal;=\"\" font-variant-east-asian:=\"\" text-indent:=\"\" -0.0733337px;=\"\" background-color:=\"\" transparent;=\"\" color:=\"\" rgb(0,=\"\" 0,=\"\" 0);=\"\" vertical-align:=\"\" baseline;=\"\" white-space:=\"\" pre-wrap;\"=\"\"><span style=\"color: rgb(0, 0, 0); text-indent: -0.0733337px; white-space: pre-wrap;\"><\/span><\/span\u00a0style=\"font-variant-numeric:><span style=\"text-indent: -0.0550003pt; background-color: transparent; color: rgb(0, 0, 0); font-variant-numeric: normal; font-variant-east-asian: normal; vertical-align: baseline; white-space: pre-wrap;\">Desde el a\u00f1o&nbsp; 2009 brindo talleres de gui\u00f3n y dramaturgia<\/span><span style=\"text-indent: -0.0550003pt; background-color: transparent; color: rgb(0, 0, 0); font-size: 11pt; white-space: pre-wrap;\">.<\/span><\/p>\n\n\n\n\n\n\n\n\n\n<p style=\"color: rgb(255, 112, 62);\"><a href=\"https:\/\/monicasalerno.com\/index.php\/sample-page\/\" style=\"color: rgb(255, 112, 62);\">M\u00f3nica Salerno<\/a><\/p>\n\n\n\n\n\n\n\n<p><a href=\"https:\/\/monicasalerno.com\/index.php\/bio\/\">BIO<\/a><\/p>\n<p><a href=\"https:\/\/monicasalerno.com\/index.php\/talleres\/\">TALLERES<\/a><\/p>\n\n\n\n<p><a href=\"https:\/\/monicasalerno.com\/index.php\/prensa\/\">PRENSA<\/a><\/p>\n<p><a href=\"https:\/\/monicasalerno.com\/index.php\/proyectos\/\">PROYECTOS<\/a><\/p>\n\n\n\n\n\n\n\n<p style=\"text-align: right; color: rgb(175, 175, 175); font-size: 13px;\">Foto: Marianela Depetro <\/p>\n\n\n<p><span style=\"color: rgb(0, 0, 0); text-indent: -0.0733337px; white-space: pre-wrap;\">Soy escritora, dramaturga, guionista, directora de teatro y cine. Trabajo como script doctor. Superviso y acompa\u00f1o a otros artistas en&nbsp; proyectos&nbsp; de ficci\u00f3n y cine documental.<\/span><br><\/p>\n<p><span style=\"color: rgb(0, 0, 0); text-indent: -0.0733337px; white-space: pre-wrap;\">Me form\u00e9 en dramaturgia con diferentes maestros, entre ellos Ricardo Monti, y en&nbsp; la Escuela Metropolitana de Arte Dram\u00e1tico (EMAD), con Mauricio Kartun. Egres\u00e9&nbsp; de la Escuela Nacional de Experimentaci\u00f3n y Realizaci\u00f3n Cinematogr\u00e1fica (E.N.E.R.C) en&nbsp; Guion. Estudi\u00e9&nbsp; Letras en la U.B.A y soy licenciada en Ense\u00f1anza de Artes Audiovisuales en la Universidad de San Mart\u00edn (UNSAM). Continu\u00e9 mis estudios de&nbsp; \u201cPuesta en escena\u201d con Rub\u00e9n Szuchmacher.<\/span><br><\/p>\n<p><span style=\"font-variant-numeric: normal; font-variant-east-asian: normal; text-indent: -0.0733337px; background-color: transparent; color: rgb(0, 0, 0); vertical-align: baseline; white-space: pre-wrap;\">Recib\u00ed el segundo premio <\/span><span style=\"font-variant-numeric: normal; font-variant-east-asian: normal; text-indent: -0.0733337px; background-color: transparent; color: rgb(0, 0, 0); font-weight: 700; vertical-align: baseline; white-space: pre-wrap;\">Germ\u00e1n Rozenmacher de Nueva Dramaturgia<\/span><span style=\"font-variant-numeric: normal; font-variant-east-asian: normal; text-indent: -0.0733337px; background-color: transparent; color: rgb(0, 0, 0); vertical-align: baseline; white-space: pre-wrap;\"> por mi obra <\/span><span style=\"font-variant-numeric: normal; font-variant-east-asian: normal; text-indent: -0.0733337px; background-color: transparent; color: rgb(0, 0, 0); font-weight: 700; vertical-align: baseline; white-space: pre-wrap;\">\u201cAlbina<\/span><span style=\"font-variant-numeric: normal; font-variant-east-asian: normal; text-indent: -0.0733337px; background-color: transparent; color: rgb(0, 0, 0); vertical-align: baseline; white-space: pre-wrap;\">\u201d&nbsp; estrenada en el Teatro del Pueblo, traducida al ingl\u00e9s y franc\u00e9s.&nbsp; Dirig\u00ed <\/span><span style=\"font-variant-numeric: normal; font-variant-east-asian: normal; text-indent: -0.0733337px; background-color: transparent; color: rgb(0, 0, 0); font-weight: 700; vertical-align: baseline; white-space: pre-wrap;\">&nbsp;\u201cZafra\u201d <\/span><span style=\"font-variant-numeric: normal; font-variant-east-asian: normal; text-indent: -0.0733337px; background-color: transparent; color: rgb(0, 0, 0); vertical-align: baseline; white-space: pre-wrap;\">en el Teatro Nacional Cervantes, <\/span><span style=\"font-variant-numeric: normal; font-variant-east-asian: normal; text-indent: -0.0733337px; background-color: transparent; color: rgb(0, 0, 0); font-weight: 700; vertical-align: baseline; white-space: pre-wrap;\">&#8220;Inundaci\u00f3n&#8221;<\/span><span style=\"font-variant-numeric: normal; font-variant-east-asian: normal; text-indent: -0.0733337px; background-color: transparent; color: rgb(0, 0, 0); vertical-align: baseline; white-space: pre-wrap;\"> en el Centro Cultural Ricardo Rojas. Como autora <\/span><span style=\"font-variant-numeric: normal; font-variant-east-asian: normal; text-indent: -0.0733337px; background-color: transparent; color: rgb(0, 0, 0); font-weight: 700; vertical-align: baseline; white-space: pre-wrap;\">\u201cNo bailamos Tango\u201d<\/span><span style=\"font-variant-numeric: normal; font-variant-east-asian: normal; text-indent: -0.0733337px; background-color: transparent; color: rgb(0, 0, 0); vertical-align: baseline; white-space: pre-wrap;\"> se represent\u00f3 en Madrid y en varias provincias argentinas, obtuvo una menci\u00f3n especial del Premio Municipal de Dramaturgia, y fue premiada&nbsp; y editada en el Festival Nacional de Humor de Zapala, Neuqu\u00e9n (2006).&nbsp;<\/span><\/p>\n<p><span\u00a0style=\"font-variant-numeric: normal;=\"\" font-variant-east-asian:=\"\" text-indent:=\"\" -0.0733337px;=\"\" background-color:=\"\" transparent;=\"\" color:=\"\" rgb(0,=\"\" 0,=\"\" 0);=\"\" vertical-align:=\"\" baseline;=\"\" white-space:=\"\" pre-wrap;\"=\"\"><span style=\"font-variant-numeric: normal; font-variant-east-asian: normal; text-indent: -0.0733337px; background-color: transparent; color: rgb(0, 0, 0); vertical-align: baseline; white-space: pre-wrap;\">En cine co-dirig\u00ed el largometraje<\/span><span style=\"font-variant-numeric: normal; font-variant-east-asian: normal; text-indent: -0.0733337px; background-color: transparent; color: rgb(0, 0, 0); font-weight: 700; vertical-align: baseline; white-space: pre-wrap;\"> \u201cKartun, el a\u00f1o de Salom\u00e9\u201d<\/span><span style=\"font-variant-numeric: normal; font-variant-east-asian: normal; text-indent: -0.0733337px; background-color: transparent; color: rgb(0, 0, 0); vertical-align: baseline; white-space: pre-wrap;\"> (2012), que se estren\u00f3 <\/span><span style=\"font-variant-numeric: normal; font-variant-east-asian: normal; text-indent: -0.0733337px; color: rgb(0, 0, 0); vertical-align: baseline; white-space: pre-wrap;\">&nbsp;en el 27 Festival de Cine de Mar del Plata<\/span><span style=\"font-variant-numeric: normal; font-variant-east-asian: normal; text-indent: -0.0733337px; color: rgb(0, 0, 0); vertical-align: baseline; white-space: pre-wrap;\">; <\/span><span style=\"font-variant-numeric: normal; font-variant-east-asian: normal; text-indent: -0.0733337px; background-color: transparent; color: rgb(0, 0, 0); vertical-align: baseline; white-space: pre-wrap;\">como guionista&nbsp; fui finalista del Concurso&nbsp; &#8220;Raymundo Gleyzer&#8221; con<\/span><span style=\"font-variant-numeric: normal; font-variant-east-asian: normal; text-indent: -0.0733337px; background-color: transparent; color: rgb(0, 0, 0); font-weight: 700; vertical-align: baseline; white-space: pre-wrap;\"> &#8220;Invierno de la Rabia&#8221;<\/span><span style=\"font-variant-numeric: normal; font-variant-east-asian: normal; text-indent: -0.0733337px; background-color: transparent; color: rgb(0, 0, 0); vertical-align: baseline; white-space: pre-wrap;\"> (2014).&nbsp;<\/span><\/span\u00a0style=\"font-variant-numeric:><\/p>\n<p><span\u00a0style=\"font-variant-numeric: normal;=\"\" font-variant-east-asian:=\"\" text-indent:=\"\" -0.0733337px;=\"\" background-color:=\"\" transparent;=\"\" color:=\"\" rgb(0,=\"\" 0,=\"\" 0);=\"\" vertical-align:=\"\" baseline;=\"\" white-space:=\"\" pre-wrap;\"=\"\"><span style=\"font-variant-numeric: normal; font-variant-east-asian: normal; text-indent: -0.0733337px; background-color: transparent; color: rgb(0, 0, 0); vertical-align: baseline; white-space: pre-wrap;\"><\/span><span style=\"font-variant-numeric: normal; font-variant-east-asian: normal; text-indent: -0.0733337px; background-color: transparent; color: rgb(0, 0, 0); vertical-align: baseline; white-space: pre-wrap;\">Obtuve la Beca del<\/span><span style=\"font-variant-numeric: normal; font-variant-east-asian: normal; text-indent: -0.0733337px; background-color: transparent; color: rgb(0, 0, 0); font-weight: 700; vertical-align: baseline; white-space: pre-wrap;\"> Fondo Nacional de las Artes<\/span><span style=\"font-variant-numeric: normal; font-variant-east-asian: normal; text-indent: -0.0733337px; background-color: transparent; color: rgb(0, 0, 0); vertical-align: baseline; white-space: pre-wrap;\"> en la categor\u00eda <\/span><span style=\"font-variant-numeric: normal; font-variant-east-asian: normal; text-indent: -0.0733337px; background-color: transparent; color: rgb(0, 0, 0); font-weight: 700; vertical-align: baseline; white-space: pre-wrap;\">Teatro <\/span><span style=\"font-variant-numeric: normal; font-variant-east-asian: normal; text-indent: -0.0733337px; background-color: transparent; color: rgb(0, 0, 0); vertical-align: baseline; white-space: pre-wrap;\">(2015) y la <\/span><span style=\"font-variant-numeric: normal; font-variant-east-asian: normal; text-indent: -0.0733337px; background-color: transparent; color: rgb(0, 0, 0); font-weight: 700; vertical-align: baseline; white-space: pre-wrap;\">Beca Bicentenario<\/span><span style=\"font-variant-numeric: normal; font-variant-east-asian: normal; text-indent: -0.0733337px; background-color: transparent; color: rgb(0, 0, 0); vertical-align: baseline; white-space: pre-wrap;\"> a la <\/span><span style=\"font-variant-numeric: normal; font-variant-east-asian: normal; text-indent: -0.0733337px; background-color: transparent; color: rgb(0, 0, 0); font-weight: 700; vertical-align: baseline; white-space: pre-wrap;\">Creaci\u00f3n en Letras <\/span><span style=\"font-variant-numeric: normal; font-variant-east-asian: normal; text-indent: -0.0733337px; background-color: transparent; color: rgb(0, 0, 0); vertical-align: baseline; white-space: pre-wrap;\">(2016).<\/span><\/span\u00a0style=\"font-variant-numeric:><\/p>\n<p><span\u00a0style=\"font-variant-numeric: normal;=\"\" font-variant-east-asian:=\"\" text-indent:=\"\" -0.0733337px;=\"\" background-color:=\"\" transparent;=\"\" color:=\"\" rgb(0,=\"\" 0,=\"\" 0);=\"\" vertical-align:=\"\" baseline;=\"\" white-space:=\"\" pre-wrap;\"=\"\"><span style=\"font-variant-numeric: normal; font-variant-east-asian: normal; text-indent: -0.0733337px; background-color: transparent; color: rgb(0, 0, 0); vertical-align: baseline; white-space: pre-wrap;\"><\/span><span style=\"color: rgb(0, 0, 0); text-indent: -0.0733337px; white-space: pre-wrap;\">Como docente estuve a cargo de la c\u00e1tedra de Dramaturgia y Puesta en Escena en el Instituto \u00c9TER de Radio y Comunicaci\u00f3n.&nbsp;<\/span><\/span\u00a0style=\"font-variant-numeric:><\/p>\n<p><span\u00a0style=\"font-variant-numeric: normal;=\"\" font-variant-east-asian:=\"\" text-indent:=\"\" -0.0733337px;=\"\" background-color:=\"\" transparent;=\"\" color:=\"\" rgb(0,=\"\" 0,=\"\" 0);=\"\" vertical-align:=\"\" baseline;=\"\" white-space:=\"\" pre-wrap;\"=\"\"><span style=\"color: rgb(0, 0, 0); text-indent: -0.0733337px; white-space: pre-wrap;\"><\/span><\/span\u00a0style=\"font-variant-numeric:><span style=\"text-indent: -0.0550003pt; background-color: transparent; color: rgb(0, 0, 0); font-variant-numeric: normal; font-variant-east-asian: normal; vertical-align: baseline; white-space: pre-wrap;\">Desde el a\u00f1o&nbsp; 2009 brindo talleres de gui\u00f3n y dramaturgia<\/span><span style=\"text-indent: -0.0550003pt; background-color: transparent; color: rgb(0, 0, 0); font-size: 11pt; white-space: pre-wrap;\">.<\/span><\/p>\n\n\n\n\n\n\n\n\n<p style=\"\"><u><span style=\"background-color: transparent;\"><font color=\"#ed7747\">\r\n\t<a class=\"paoc-popup-click paoc-popup-cust-1329 paoc-popup-simple_link paoc-popup-link\" href=\"javascript:void(0);\">CONTACTO<\/a>\r\n\r\n<\/font><\/span><span style=\"color: rgb(237, 119, 71); background-color: transparent;\"><\/span><\/u><\/p><p style=\"\"><a href=\"mailto:monikguion@gmail.com\" style=\"color: rgb(237, 119, 71);\"><span style=\"color:#ed7747;\">monikguion@gmail.com<\/span><\/a><br><\/p>\n\n\n\n\n\n\n","protected":false},"excerpt":{"rendered":"","protected":false},"author":1,"featured_media":0,"parent":0,"menu_order":0,"comment_status":"closed","ping_status":"closed","template":"","meta":{"om_disable_all_campaigns":false,"pagelayer_contact_templates":[],"_pagelayer_content":"","_monsterinsights_skip_tracking":false,"_monsterinsights_sitenote_active":false,"_monsterinsights_sitenote_note":"","_monsterinsights_sitenote_category":0,"footnotes":""},"class_list":["post-780","page","type-page","status-publish","hentry"],"aioseo_notices":[],"_links":{"self":[{"href":"https:\/\/monicasalerno.com\/index.php\/wp-json\/wp\/v2\/pages\/780","targetHints":{"allow":["GET"]}}],"collection":[{"href":"https:\/\/monicasalerno.com\/index.php\/wp-json\/wp\/v2\/pages"}],"about":[{"href":"https:\/\/monicasalerno.com\/index.php\/wp-json\/wp\/v2\/types\/page"}],"author":[{"embeddable":true,"href":"https:\/\/monicasalerno.com\/index.php\/wp-json\/wp\/v2\/users\/1"}],"replies":[{"embeddable":true,"href":"https:\/\/monicasalerno.com\/index.php\/wp-json\/wp\/v2\/comments?post=780"}],"version-history":[{"count":46,"href":"https:\/\/monicasalerno.com\/index.php\/wp-json\/wp\/v2\/pages\/780\/revisions"}],"predecessor-version":[{"id":1359,"href":"https:\/\/monicasalerno.com\/index.php\/wp-json\/wp\/v2\/pages\/780\/revisions\/1359"}],"wp:attachment":[{"href":"https:\/\/monicasalerno.com\/index.php\/wp-json\/wp\/v2\/media?parent=780"}],"curies":[{"name":"wp","href":"https:\/\/api.w.org\/{rel}","templated":true}]}}