{"id":723,"date":"2022-11-23T12:53:44","date_gmt":"2022-11-23T12:53:44","guid":{"rendered":"https:\/\/monicasalerno.com\/?page_id=705"},"modified":"2023-01-13T16:24:45","modified_gmt":"2023-01-13T16:24:45","slug":"dramaturgia-incorrecta","status":"publish","type":"page","link":"https:\/\/monicasalerno.com\/index.php\/dramaturgia-incorrecta\/","title":{"rendered":"dramaturgia incorrecta"},"content":{"rendered":"\n\n\n\n\n\n\n\n\n\n\n<p style=\"color: rgb(255, 112, 62);\"><a href=\"https:\/\/monicasalerno.com\/index.php\/sample-page\/\" style=\"color: rgb(255, 112, 62);\">M\u00f3nica Salerno<\/a><\/p>\n\n\n\n\n\n\n\n<p><a href=\"https:\/\/monicasalerno.com\/index.php\/bio\/\">BIO<\/a><\/p>\n<p><a href=\"https:\/\/monicasalerno.com\/index.php\/talleres\/\">TALLERES<\/a><\/p>\n\n\n\n<p><a href=\"https:\/\/monicasalerno.com\/index.php\/prensa\/\">PRENSA<\/a><\/p>\n<p><a href=\"https:\/\/monicasalerno.com\/index.php\/proyectos\/\">PROYECTOS<\/a><\/p>\n\n\n\n\n\n\n\n\n\n<p style=\"color: rgb(255, 112, 62);\"><a href=\"https:\/\/monicasalerno.com\/index.php\/sample-page\/\" style=\"color: rgb(255, 112, 62);\">M\u00f3nica Salerno<\/a><\/p>\n\n\n\n\n\n\n\n<p><a href=\"https:\/\/monicasalerno.com\/index.php\/bio\/\">BIO<\/a><\/p>\n<p><a href=\"https:\/\/monicasalerno.com\/index.php\/talleres\/\">TALLERES<\/a><\/p>\n\n\n\n<p><a href=\"https:\/\/monicasalerno.com\/index.php\/prensa\/\">PRENSA<\/a><\/p>\n<p><a href=\"https:\/\/monicasalerno.com\/index.php\/proyectos\/\">PROYECTOS<\/a><\/p>\n\n\n\n\n\n\n\n\n\n\n\n<p><strong style=\"font-family: 'Roboto Condensed'; color: #000000;\">DRAMATURGIA INCORRECTA<\/strong><\/p>\n<p><span style=\"font-family: 'Roboto Condensed'; color: #000000;\">Escribir teatro es escribir con el cuerpo, es indagar la palabra en escena: lo que se dice, y lo que se calla,  meterme en los personajes, buscar la palabra exacta para generar im\u00e1genes y sentido. Escribir para un cuerpo.&nbsp;<\/span><\/p>\n<p><span style=\"font-family: 'Roboto Condensed'; color: #000000;\">Este taller se propone atravesar lo pol\u00edticamente correcto de la propia escritura, explorar los l\u00edmites, escribir y trabajar el error. \n<\/span><\/p>\n<ul style=\"color: #ff703e;\"><li><span style=\"background-color: transparent; color: rgb(0, 0, 0);\">En este taller se leer\u00e1 un corpus de  diferentes textos  teatrales  y se ver\u00e1n pel\u00edculas basadas en obras que ir\u00e1n cambiando seg\u00fan el programa de cada cuatrimestre.<\/span><\/li>\n<li><span style=\"background-color: transparent; color: #000000;\"><span style=\"font-weight: bolder;\">Modalidad:&nbsp;<\/span><\/span><span style=\"background-color: transparent; color: #000000;\">Plataforma zoom y presencial en Estudio en CABA. (zona Palermo\/Villa Crespo)<\/span>&nbsp;<\/li>\n<li><span style=\"color: #000000; background-color: transparent;\"><span style=\"font-weight: bolder;\">Frecuencia:<\/span>&nbsp;Semanal (Cuatro encuentros por mes)<\/span><\/li>\n<li><span style=\"color: #000000;\"><span style=\"font-weight: bolder;\">Horario:<\/span>&nbsp;jueves de 19  a 21 hs  (Hora Argentina). Nuevo d\u00eda a confirmar.<\/span><\/li><li><span style=\"background-color: transparent; color: rgb(0, 0, 0);\"><span style=\"font-weight: bolder;\">I<\/span><span style=\"font-weight: bolder;\">mportante:&nbsp;<\/span>Los cupos son limitados y se trabaja de manera personalizada con cada participante. Se toma una entrevista previa siempre.<\/span><\/li>\n<li><span style=\"background-color: transparent; color: rgb(0, 0, 0);\">No se necesita tener experiencia previa para participar,  est\u00e1 dirigido a personas mayores de 18 a\u00f1os.\n<\/span><span style=\"background-color: transparent;\">&nbsp;<\/span><br><\/li>\n<li><span style=\"color: #000000;\">Informaci\u00f3n, costos e inscripci\u00f3n:&nbsp;<span style=\"color: #ff703e;\">monikdramaturgia@gmail.com<\/span><\/span><\/li>\n<\/ul>\n<p>&nbsp;<\/p>\n\n\n\n\n\n\n<p><strong style=\"font-family: 'Roboto Condensed'; color: #000000;\">DRAMATURGIA INCORRECTA<\/strong><\/p>\n\n\n\n<p><span style=\"font-family: 'Roboto Condensed'; color: #000000;\">Escribir teatro es escribir con el cuerpo, es indagar la palabra en escena: lo que se dice, y lo que se calla,  meterme en los personajes, buscar la palabra exacta para generar im\u00e1genes y sentido. Escribir para un cuerpo.&nbsp;<\/span><\/p>\n<p><span style=\"font-family: 'Roboto Condensed'; color: #000000;\">Este taller se propone atravesar lo pol\u00edticamente correcto de la propia escritura, explorar los l\u00edmites, escribir y trabajar el error. \n<\/span><\/p>\n<ul style=\"color: #ff703e;\"><li><span style=\"background-color: transparent; color: rgb(0, 0, 0);\">En este taller se leer\u00e1 un corpus de  diferentes textos  teatrales  y se ver\u00e1n pel\u00edculas basadas en obras que ir\u00e1n cambiando seg\u00fan el programa de cada cuatrimestre.<\/span><\/li>\n<li><span style=\"background-color: transparent; color: #000000;\"><span style=\"font-weight: bolder;\">Modalidad:&nbsp;<\/span><\/span><span style=\"background-color: transparent; color: #000000;\">Plataforma zoom y presencial en Estudio en CABA. (zona Palermo\/Villa Crespo)<\/span>&nbsp;<\/li>\n<li><span style=\"color: #000000; background-color: transparent;\"><span style=\"font-weight: bolder;\">Frecuencia:<\/span>&nbsp;Semanal (Cuatro encuentros por mes)<\/span><\/li>\n<li><span style=\"color: #000000;\"><span style=\"font-weight: bolder;\">Horario:<\/span>&nbsp;jueves de 19  a 21 hs  (Hora Argentina). Nuevo d\u00eda a confirmar.<\/span><\/li><li><span style=\"background-color: transparent; color: rgb(0, 0, 0);\"><span style=\"font-weight: bolder;\">I<\/span><span style=\"font-weight: bolder;\">mportante:&nbsp;<\/span>Los cupos son limitados y se trabaja de manera personalizada con cada participante. Se toma una entrevista previa siempre.<\/span><\/li>\n<li><span style=\"background-color: transparent; color: rgb(0, 0, 0);\">No se necesita tener experiencia previa para participar,  est\u00e1 dirigido a personas mayores de 18 a\u00f1os.\n<\/span><span style=\"background-color: transparent;\">&nbsp;<\/span><br><\/li>\n<li><span style=\"color: #000000;\">Informaci\u00f3n, costos e inscripci\u00f3n:&nbsp;<span style=\"color: #ff703e;\">monikdramaturgia@gmail.com<\/span><\/span><\/li>\n<\/ul>\n<p>&nbsp;<\/p>\n\n\n\n\n\n\n","protected":false},"excerpt":{"rendered":"","protected":false},"author":1,"featured_media":0,"parent":0,"menu_order":0,"comment_status":"closed","ping_status":"closed","template":"","meta":{"om_disable_all_campaigns":false,"pagelayer_contact_templates":[],"_pagelayer_content":"","_monsterinsights_skip_tracking":false,"_monsterinsights_sitenote_active":false,"_monsterinsights_sitenote_note":"","_monsterinsights_sitenote_category":0,"footnotes":""},"class_list":["post-723","page","type-page","status-publish","hentry"],"aioseo_notices":[],"_links":{"self":[{"href":"https:\/\/monicasalerno.com\/index.php\/wp-json\/wp\/v2\/pages\/723","targetHints":{"allow":["GET"]}}],"collection":[{"href":"https:\/\/monicasalerno.com\/index.php\/wp-json\/wp\/v2\/pages"}],"about":[{"href":"https:\/\/monicasalerno.com\/index.php\/wp-json\/wp\/v2\/types\/page"}],"author":[{"embeddable":true,"href":"https:\/\/monicasalerno.com\/index.php\/wp-json\/wp\/v2\/users\/1"}],"replies":[{"embeddable":true,"href":"https:\/\/monicasalerno.com\/index.php\/wp-json\/wp\/v2\/comments?post=723"}],"version-history":[{"count":12,"href":"https:\/\/monicasalerno.com\/index.php\/wp-json\/wp\/v2\/pages\/723\/revisions"}],"predecessor-version":[{"id":1313,"href":"https:\/\/monicasalerno.com\/index.php\/wp-json\/wp\/v2\/pages\/723\/revisions\/1313"}],"wp:attachment":[{"href":"https:\/\/monicasalerno.com\/index.php\/wp-json\/wp\/v2\/media?parent=723"}],"curies":[{"name":"wp","href":"https:\/\/api.w.org\/{rel}","templated":true}]}}