{"id":705,"date":"2022-11-28T18:45:47","date_gmt":"2022-11-28T18:45:47","guid":{"rendered":"https:\/\/monicasalerno.com\/?page_id=705"},"modified":"2023-01-06T17:02:48","modified_gmt":"2023-01-06T17:02:48","slug":"taller-guion","status":"publish","type":"page","link":"https:\/\/monicasalerno.com\/index.php\/taller-guion\/","title":{"rendered":"taller guion"},"content":{"rendered":"\n\n\n\n\n\n\n\n\n\n\n<p style=\"color: rgb(255, 112, 62);\"><a href=\"https:\/\/monicasalerno.com\/index.php\/sample-page\/\" style=\"color: rgb(255, 112, 62);\">M\u00f3nica Salerno<\/a><\/p>\n\n\n\n\n\n\n\n<p><a href=\"https:\/\/monicasalerno.com\/index.php\/bio\/\">BIO<\/a><\/p>\n<p><a href=\"https:\/\/monicasalerno.com\/index.php\/talleres\/\">TALLERES<\/a><\/p>\n\n\n\n<p><a href=\"https:\/\/monicasalerno.com\/index.php\/prensa\/\">PRENSA<\/a><\/p>\n<p><a href=\"https:\/\/monicasalerno.com\/index.php\/proyectos\/\">PROYECTOS<\/a><\/p>\n\n\n\n\n\n\n\n\n\n<p style=\"color: rgb(255, 112, 62);\"><a href=\"https:\/\/monicasalerno.com\/index.php\/sample-page\/\" style=\"color: rgb(255, 112, 62);\">M\u00f3nica Salerno<\/a><\/p>\n\n\n\n\n\n\n\n<p><a href=\"https:\/\/monicasalerno.com\/index.php\/bio\/\">BIO<\/a><\/p>\n<p><a href=\"https:\/\/monicasalerno.com\/index.php\/talleres\/\">TALLERES<\/a><\/p>\n\n\n\n<p><a href=\"https:\/\/monicasalerno.com\/index.php\/prensa\/\">PRENSA<\/a><\/p>\n<p><a href=\"https:\/\/monicasalerno.com\/index.php\/proyectos\/\">PROYECTOS<\/a><\/p>\n\n\n\n\n\n\n\n\n\n\n\n\r\n<p><strong style=\"font-family: 'Roboto Condensed'; color: #000000;\">TALLER DE GUI\u00d3N<\/strong><\/p>\r\n\n\r\n<p><span style=\"font-family: 'Roboto Condensed'; color: #000000;\">Es un espacio de entrenamiento y acercamiento a la escritura audiovisual, que se complementa con la visualizaci\u00f3n de un corpus de pel\u00edculas para su an\u00e1lisis en clase, conformado por films cl\u00e1sicos universales, cine argentino, lationamericano, asi\u00e1tico y europeo, hasta un cine de vanguardia, \u201dindie\u201d y rupturista, entendiendo que hay muchas maneras de contar como formas de mirar el mundo.<span style=\"background-color: transparent;\">\u00a0<\/span><\/span><\/p>\r\n\n\n<ul style=\"color: #ff703e; font-family: 'Roboto Condensed';\">\n<li style=\"list-style-type: none;\">\n<ul style=\"color: #ff703e; font-family: 'Roboto Condensed';\">\n<li><span style=\"background-color: transparent; color: #000000; font-family: 'Roboto Condensed';\">Dirigido <\/span><span style=\"background-color: transparent; color: #000000;\">a principiantes y avanzados que quieran entrenar su escritura de una manera no convencional alejado de los manuales de guion.<\/span><\/li>\n<li><span style=\"color: #000000; background-color: transparent;\">Se trabaja a partir de disparadores sensoriales semana a semana. Trabajando temas como personaje, protagonista, conflicto, contexto, estructura, la acci\u00f3n en escena y lo dif\u00edcil que es escribir un buen final. El cine es un arte temporal y necesita de: S\u00edntesis, orden, tiempo y ritmo.&nbsp;<\/span><\/li><\/ul><\/li><\/ul><ul style=\"color: rgb(255, 112, 62);\"><li><span style=\"color: rgb(0, 0, 0); background-color: transparent;\"><span style=\"font-weight: bolder;\">Modalidad virtual:<\/span>&nbsp;Plataforma zoom.<br><\/span><\/li><\/ul>\n\n<ul style=\"color: #ff703e; font-family: 'Roboto Condensed';\">\n<li><span style=\"color: #000000; background-color: transparent;\"><strong>Frecuencia:<\/strong> Semanal (Cuatro encuentros por mes)<\/span><\/li>\n<li><span style=\"color: #000000;\"><strong>Horario: <\/strong>Mi\u00e9rcoles o viernes de 19 a 21 hs (Hora Argentina) Nuevo d\u00eda a confirmar.<\/span>&nbsp;<\/li>\n<li><span style=\"color: #000000;\"><strong>Importante<\/strong><strong>:<\/strong> Los cupos son limitados y se trabaja de manera personalizada con cada participante. Se toma una entrevista previa siempre.<\/span>&nbsp;<\/li>\n<li><span style=\"color: #000000;\">No se necesita tener experiencia previa para participar.<\/span>&nbsp;<\/li>\n<li><span style=\"color: #000000;\">Informaci\u00f3n, costos e inscripci\u00f3n: <span style=\"color: #ff703e;\">monikguion@gmail.com<\/span><\/span><\/li>\n<\/ul>\n\n\n\n\n\n\n\r\n<p><strong style=\"font-family: 'Roboto Condensed'; color: #000000;\">TALLER DE GUI\u00d3N<\/strong><\/p>\r\n\n\n\n\r\n<p><span style=\"font-family: 'Roboto Condensed'; color: #000000;\">Es un espacio de entrenamiento y acercamiento a la escritura audiovisual, que se complementa con la visualizaci\u00f3n de un corpus de pel\u00edculas para su an\u00e1lisis en clase, conformado por films cl\u00e1sicos universales, cine argentino, lationamericano, asi\u00e1tico y europeo, hasta un cine de vanguardia, \u201dindie\u201d y rupturista, entendiendo que hay muchas maneras de contar como formas de mirar el mundo.<span style=\"background-color: transparent;\">\u00a0<\/span><\/span><\/p>\r\n\n<ul style=\"color: #ff703e; font-family: 'Roboto Condensed';\">\n<li style=\"list-style-type: none;\">\n<ul style=\"color: #ff703e; font-family: 'Roboto Condensed';\">\n<li><span style=\"background-color: transparent; color: #000000; font-family: 'Roboto Condensed';\">Dirigido <\/span><span style=\"background-color: transparent; color: #000000;\">a principiantes y avanzados que quieran entrenar su escritura de una manera no convencional alejado de los manuales de guion.<\/span><\/li>\n<li><span style=\"color: #000000; background-color: transparent;\">Se trabaja a partir de disparadores sensoriales semana a semana. Trabajando temas como personaje, protagonista, conflicto, contexto, estructura, la acci\u00f3n en escena y lo dif\u00edcil que es escribir un buen final. El cine es un arte temporal y necesita de: S\u00edntesis, orden, tiempo y ritmo.&nbsp;<\/span><\/li><\/ul><\/li><\/ul><ul style=\"color: rgb(255, 112, 62);\"><li><span style=\"color: rgb(0, 0, 0); background-color: transparent;\"><span style=\"font-weight: bolder;\">Modalidad virtual:<\/span>&nbsp;Plataforma zoom.<br><\/span><\/li><\/ul>\n\n<ul style=\"color: #ff703e; font-family: 'Roboto Condensed';\">\n<li><span style=\"color: #000000; background-color: transparent;\"><strong>Frecuencia:<\/strong> Semanal (Cuatro encuentros por mes)<\/span><\/li>\n<li><span style=\"color: #000000;\"><strong>Horario: <\/strong>Mi\u00e9rcoles o viernes de 19 a 21 hs (Hora Argentina) Nuevo d\u00eda a confirmar.<\/span>&nbsp;<\/li>\n<li><span style=\"color: #000000;\"><strong>Importante<\/strong><strong>:<\/strong> Los cupos son limitados y se trabaja de manera personalizada con cada participante. Se toma una entrevista previa siempre.<\/span>&nbsp;<\/li>\n<li><span style=\"color: #000000;\">No se necesita tener experiencia previa para participar.<\/span>&nbsp;<\/li>\n<li><span style=\"color: #000000;\">Informaci\u00f3n, costos e inscripci\u00f3n: <span style=\"color: #ff703e;\">monikguion@gmail.com<\/span><\/span><\/li>\n<\/ul>\n\n\n","protected":false},"excerpt":{"rendered":"","protected":false},"author":1,"featured_media":0,"parent":0,"menu_order":0,"comment_status":"closed","ping_status":"closed","template":"","meta":{"om_disable_all_campaigns":false,"pagelayer_contact_templates":[],"_pagelayer_content":"","_monsterinsights_skip_tracking":false,"_monsterinsights_sitenote_active":false,"_monsterinsights_sitenote_note":"","_monsterinsights_sitenote_category":0,"footnotes":""},"class_list":["post-705","page","type-page","status-publish","hentry"],"aioseo_notices":[],"_links":{"self":[{"href":"https:\/\/monicasalerno.com\/index.php\/wp-json\/wp\/v2\/pages\/705","targetHints":{"allow":["GET"]}}],"collection":[{"href":"https:\/\/monicasalerno.com\/index.php\/wp-json\/wp\/v2\/pages"}],"about":[{"href":"https:\/\/monicasalerno.com\/index.php\/wp-json\/wp\/v2\/types\/page"}],"author":[{"embeddable":true,"href":"https:\/\/monicasalerno.com\/index.php\/wp-json\/wp\/v2\/users\/1"}],"replies":[{"embeddable":true,"href":"https:\/\/monicasalerno.com\/index.php\/wp-json\/wp\/v2\/comments?post=705"}],"version-history":[{"count":19,"href":"https:\/\/monicasalerno.com\/index.php\/wp-json\/wp\/v2\/pages\/705\/revisions"}],"predecessor-version":[{"id":1268,"href":"https:\/\/monicasalerno.com\/index.php\/wp-json\/wp\/v2\/pages\/705\/revisions\/1268"}],"wp:attachment":[{"href":"https:\/\/monicasalerno.com\/index.php\/wp-json\/wp\/v2\/media?parent=705"}],"curies":[{"name":"wp","href":"https:\/\/api.w.org\/{rel}","templated":true}]}}